{"id":6,"date":"2019-09-10T13:03:23","date_gmt":"2019-09-10T16:03:23","guid":{"rendered":"http:\/\/surfskibrasil.com.br\/?p=6"},"modified":"2023-05-08T08:31:34","modified_gmt":"2023-05-08T11:31:34","slug":"o-movimento","status":"publish","type":"page","link":"https:\/\/surfskibrasil.com.br\/?page_id=6","title":{"rendered":"O Movimento"},"content":{"rendered":"<div>O Movimento<\/div>\n<h1>Surfski<\/h1>\n<p><img decoding=\"async\" src=\"\/wp-content\/uploads\/2022\/06\/mapa-2.jpg\" alt=\"\"><\/p>\n<ul>\n<li>\n<p>        <img decoding=\"async\" src=\"\/wp-content\/uploads\/2022\/06\/alexandre-ferreira.jpg\" alt=\"\"><\/p>\n<h3>Alexandre Ferreira<\/h3>\n<div>\n<p><strong>Endere\u00e7o:<\/strong> <br \/>Praia do Bonfim, Angra dos Reis \/ RJ<br \/><strong>Telefone:<\/strong> <br \/>(21) 99988-8890 <br \/><strong>E-mail:<\/strong> <br \/>Dicaum@hotmail.com<\/p>\n<\/div>\n<\/li>\n<li>\n<p>        <img decoding=\"async\" src=\"\/wp-content\/uploads\/2022\/06\/washington-igor.jpg\" alt=\"\"><\/p>\n<h3>Washington Igor Santa Cruz<\/h3>\n<div>\n<p><strong>Endere\u00e7o<\/strong> <br \/>Rua Delmiro Gouveia 840 , Cor\u00f4a do Meio, Aracaju- SE<br \/><strong>Telefone<\/strong> <br \/>(79) 99968-1515<br \/><strong>E-mail<\/strong> <br \/>igorcross79@hotmail.com<\/p>\n<\/div>\n<\/li>\n<li>\n<p>        <img decoding=\"async\" src=\"\/wp-content\/uploads\/2022\/06\/johnatha-vaz.jpg\" alt=\"\"><\/p>\n<h3>Johnatha Vaz<\/h3>\n<div>\n<p><strong>Endere\u00e7o<\/strong><br \/>Guardaria, General Carneiro N\u00b0378 Centro hist\u00f3rico Paranagu\u00e1 PR<br \/><strong>Telefone<\/strong><br \/>(41) 99270-8403<br \/><strong>E-mail<\/strong><br \/>johnatha.vaz@hotmail.com<\/p>\n<\/div>\n<\/li>\n<li>\n<p>        <img decoding=\"async\" src=\"\/wp-content\/uploads\/2022\/06\/bruno.jpg\" alt=\"\"><\/p>\n<h3>Bruno Machado<\/h3>\n<div>\n<p><strong>Endere\u00e7o<\/strong><br \/>Av. Sete de Setembro, 3819E &#8211; Barra, Salvador &#8211; BA <br \/><strong>Telefone<br \/><\/strong>(71) 99241-3726<strong><br \/>Email<\/strong><br \/>contato@surfskibrasil.com.br\u00a0<\/p>\n<\/div>\n<\/li>\n<li>\n<p>        <img decoding=\"async\" src=\"\/wp-content\/uploads\/2022\/06\/hiel-gesa.jpg\" alt=\"\"><\/p>\n<h3>Hiel Ges\u00e3<\/h3>\n<div>\n<p><strong>Endere\u00e7o<\/strong> <br \/>Travessa Baur\u00fa 20, Aparecida, Santar\u00e9m &#8211; PA<br \/><strong>E-mail<\/strong><br \/>gesahiel@gmail.com<\/p>\n<\/div>\n<\/li>\n<li>\n<h3>Frederico Camargo Longhin<\/h3>\n<div>\n<p><strong>Endere\u00e7o<\/strong> <br \/>Rua Dr Guilherme \u00c1lvaro 42 apto 105B, Santos &#8211; SP<br \/><strong>E-mail<\/strong><br \/>Fredericolonghin@gmail.com<\/p>\n<\/div>\n<\/li>\n<\/ul>\n<h2>Movimento Surfski Bahia \u2013 Brasil \u2013 Mundo<\/h2>\n<div>\n<p>Com a funda\u00e7\u00e3o da Galeria Viv\u00e1, em Salvador, a pr\u00e1tica do surfski come\u00e7ou a ser fomentada em todo o estado da Bahia, somando for\u00e7a a outras iniciativas espalhadas pelo Brasil. Na Bahia, foi criado o <strong>Movimento Surfski Bahia \u2013 Brasil \u2013 Mundo<\/strong> com o objetivo de fomentar a modalidade da canoagem oce\u00e2nica, aproveitando todos os recursos que a Bahia de Todos os Santos proporciona, a exemplo das excelentes condi\u00e7\u00f5es de mar e de ventos. \u201cUma das estrat\u00e9gias do movimento \u00e9 desmistificar a imagem de que o mar \u00e9 trai\u00e7oeiro e perigoso e mostrar que dom\u00ednio e a consci\u00eancia entre os limites f\u00edsico, psicol\u00f3gico e t\u00e9cnico, somados \u00e0 leitura do mar, transformam a \u00e1gua o lugar mais seguro da cidade. \u201cA minha miss\u00e3o \u00e9 expandir essa consci\u00eancia e disseminar o conhecimento agregado em todos esses anos para quem trabalha com \u00e1gua e com o esporte oce\u00e2nico, no Brasil e no mundo\u201d, explica Bruno Machado.<\/p>\n<\/div>\n<div>Surfski Brasil<\/div>\n<h2>Aprenda com profissionais<\/h2>\n<ul>\n<li>\n<p>        <img decoding=\"async\" src=\"\/wp-content\/uploads\/2022\/06\/hiel-gesa.jpg\" alt=\"\"><\/p>\n<div>Hiel Ges\u00e3<\/div>\n<p>Santar\u00e9m &#8211; PA<\/p>\n<div>\n<p><strong>Endere\u00e7o<\/strong> <br \/>Travessa Baur\u00fa 20, Aparecida<br \/><strong>E-mail<\/strong><br \/>gesahiel@gmail.com<\/p>\n<\/div>\n<\/li>\n<li>\n<p>        <img decoding=\"async\" src=\"\/wp-content\/uploads\/2022\/06\/frederico-camargo-longhin.jpg\" alt=\"\"><\/p>\n<div>Frederico Camargo Longhin<\/div>\n<p>Santos &#8211; SP<\/p>\n<div>\n<p><strong>Endere\u00e7o<\/strong> <br \/>Rua Dr Guilherme \u00c1lvaro 42 apto 105B<br \/><strong>E-mail<\/strong><br \/>Fredericolonghin@gmail.com<\/p>\n<\/div>\n<\/li>\n<li>\n<p>        <img decoding=\"async\" src=\"\/wp-content\/uploads\/2022\/06\/washington-igor.jpg\" alt=\"\"><\/p>\n<div>Washington Igor Santos Cruz<\/div>\n<p>Aracaju- SE<\/p>\n<div>\n<p><strong>Endere\u00e7o<\/strong> <br \/>Rua Delmiro Gouveia 840 , Cor\u00f4a do Meio<br \/><strong>Telefone<\/strong> <br \/>(79) 99968-1515<br \/><strong>E-mail<\/strong> <br \/><a href=\"mailto:igorcross79@hotmail.com\">igorcross79@hotmail.com<\/a><\/p>\n<\/div>\n<\/li>\n<li>\n<p>        <img decoding=\"async\" src=\"\/wp-content\/uploads\/2022\/06\/johnatha-vaz.jpg\" alt=\"\"><\/p>\n<div>Johnatha Vaz<\/div>\n<p>Paranagu\u00e1 &#8211; PR<\/p>\n<div>\n<p><strong>Endere\u00e7o<\/strong><br \/>Guardaria, General Carneiro N\u00b0378 Centro hist\u00f3rico\u00a0<br \/><strong>Telefone<\/strong><br \/>(41) 99270-8403<br \/><strong>E-mail<\/strong><br \/><a href=\"mailto:johnatha.vaz@hotmail.com\">johnatha.vaz@hotmail.com<\/a><\/p>\n<\/div>\n<\/li>\n<li>\n<p>        <img decoding=\"async\" src=\"\/wp-content\/uploads\/2022\/06\/alexandre-ferreira.jpg\" alt=\"\"><\/p>\n<div>Alexandre Ferreira<\/div>\n<p>Angra dos Reis &#8211; RJ<\/p>\n<div>\n<p><strong>Endere\u00e7o<\/strong><br \/>Praia do Bonfim,\u00a0<br \/><strong>Telefone<\/strong> <br \/>(21) 99988-8890<br \/><strong>E-mail<\/strong><br \/><a href=\"mailto:dicaum@hotmail.com\">dicaum@hotmail.com<\/a><\/p>\n<\/div>\n<\/li>\n<li>\n<p>        <img decoding=\"async\" src=\"\/wp-content\/uploads\/2022\/06\/bruno.jpg\" alt=\"\"><\/p>\n<div>Bruno Machado<\/div>\n<p>Salvador \u2013 BA<\/p>\n<div>\n<p><strong>Endere\u00e7o<\/strong><br \/>Av. Sete de Setembro, 3819E \u2013 Barra,\u00a0<br \/><strong>Telefone<br \/><\/strong>(71) 99241-3726<strong><br \/>Email<\/strong><br \/>contato@surfskibrasil.com.br<\/p>\n<\/div>\n<\/li>\n<\/ul>\n<p><!--more--><br \/>\n<!-- {\"type\":\"layout\",\"children\":[{\"type\":\"section\",\"props\":{\"style\":\"default\",\"width\":\"large\",\"vertical_align\":\"middle\",\"title_position\":\"top-left\",\"title_rotation\":\"left\",\"title_breakpoint\":\"xl\",\"image_position\":\"center-center\",\"text_color\":\"light\",\"height\":\"full\",\"header_transparent\":\"light\",\"video\":\"https:\\\/\\\/youtu.be\\\/1lI4Up4rl84\",\"video_width\":\"100%\",\"header_transparent_noplaceholder\":true,\"media_overlay\":\"rgba(16, 144, 230, 0.15)\"},\"children\":[{\"type\":\"row\",\"props\":{\"margin\":\"remove-vertical\"},\"children\":[{\"type\":\"column\",\"props\":{\"image_position\":\"center-center\",\"media_overlay_gradient\":\"\",\"image\":\"\",\"width_medium\":\"1-1\",\"position_sticky_breakpoint\":\"m\"},\"children\":[{\"type\":\"headline\",\"props\":{\"title_element\":\"div\",\"title_style\":\"lead\",\"margin\":\"small\",\"text_align\":\"center\",\"content\":\"O Movimento\",\"title_font_family\":\"primary\"}},{\"type\":\"headline\",\"props\":{\"title_element\":\"h1\",\"title_style\":\"heading-large\",\"block_align\":\"center\",\"text_align\":\"center\",\"content\":\"Surfski\",\"margin_remove_top\":true}}]}]}],\"name\":\"Hero\"},{\"type\":\"section\",\"props\":{\"style\":\"default\",\"width\":\"default\",\"vertical_align\":\"middle\",\"title_position\":\"top-left\",\"title_rotation\":\"left\",\"title_breakpoint\":\"xl\",\"image_position\":\"top-right\",\"image\":\"wp-content\\\/uploads\\\/yootheme\\\/circle-bg-02.svg\",\"image_effect\":\"parallax\",\"padding_remove_bottom\":false,\"padding_remove_top\":false,\"image_width\":\"650\",\"image_parallax_bgy_start\":\"-15vh\",\"image_parallax_bgy_end\":\"-30vh\",\"media_visibility\":\"m\"},\"children\":[{\"type\":\"row\",\"props\":{\"layout\":\"1-2,1-2\",\"margin_remove_bottom\":false},\"children\":[{\"type\":\"column\",\"props\":{\"image_position\":\"center-center\",\"media_overlay_gradient\":\"\",\"vertical_align\":\"middle\",\"padding\":\"none\",\"width_medium\":\"1-2\",\"position_sticky_breakpoint\":\"m\"},\"children\":[{\"type\":\"popover\",\"props\":{\"show_title\":true,\"show_meta\":true,\"show_content\":true,\"show_image\":false,\"show_link\":true,\"icon\":\"plus\",\"drop_mode\":\"hover\",\"drop_position\":\"top-center\",\"card_style\":\"default\",\"title_hover_style\":\"reset\",\"title_element\":\"h3\",\"meta_style\":\"meta\",\"meta_align\":\"below-title\",\"meta_element\":\"div\",\"image_card_padding\":true,\"image_svg_color\":\"emphasis\",\"link_text\":\"Saiba mais\",\"link_style\":\"default\",\"margin\":\"default\",\"background_image\":\"wp-content\\\/uploads\\\/2022\\\/06\\\/mapa-2.jpg\",\"status\":\"\"},\"children\":[{\"type\":\"popover_item\",\"props\":{\"content\":\"\n\n<p><br \\\/><strong>Endere\\u00e7o:<\\\/strong> <br \\\/>Praia do Bonfim, Angra dos Reis \\\/ RJ<br \\\/><strong>Telefone:<\\\/strong> <br \\\/>(21) 99988-8890 <br \\\/><strong>E-mail:<\\\/strong> <br \\\/>Dicaum@hotmail.com<\\\/p>\",\"title\":\"Alexandre Ferreira\",\"meta\":\"\",\"link\":\"\",\"image\":\"wp-content\\\/uploads\\\/2022\\\/06\\\/alexandre-ferreira.jpg\",\"position_x\":\"79\",\"position_y\":\"72\"}},{\"type\":\"popover_item\",\"props\":{\"content\":\"\n\n<p><strong>Endere\\u00e7o<\\\/strong> <br \\\/>Rua Delmiro Gouveia 840 , Cor\\u00f4a do Meio, Aracaju- SE<br \\\/><strong>Telefone<\\\/strong> <br \\\/>(79) 99968-1515<br \\\/><strong>E-mail<\\\/strong> <br \\\/>igorcross79@hotmail.com<\\\/p>\",\"title\":\"Washington Igor Santa Cruz\",\"image\":\"wp-content\\\/uploads\\\/2022\\\/06\\\/washington-igor.jpg\",\"position_x\":\"95\",\"position_y\":\"43\"}},{\"type\":\"popover_item\",\"props\":{\"content\":\"\n\n<p><strong>Endere\\u00e7o<\\\/strong><br \\\/>Guardaria, General Carneiro N\\u00b0378 Centro hist\\u00f3rico Paranagu\\u00e1 PR<br \\\/><strong>Telefone<\\\/strong><br \\\/>(41) 99270-8403<br \\\/><strong>E-mail<\\\/strong><br \\\/>johnatha.vaz@hotmail.com<\\\/p>\",\"title\":\"Johnatha Vaz\",\"image\":\"wp-content\\\/uploads\\\/2022\\\/06\\\/johnatha-vaz.jpg\",\"position_x\":\"65\",\"position_y\":\"78\"}},{\"type\":\"popover_item\",\"props\":{\"content\":\"\n\n<p><strong>Endere\\u00e7o<\\\/strong><br \\\/>Av. Sete de Setembro, 3819E - Barra, Salvador - BA <br \\\/><strong>Telefone<br \\\/><\\\/strong>(71) 99241-3726<strong><br \\\/>Email<\\\/strong><br \\\/>contato@surfskibrasil.com.br\\u00a0<\\\/p>\",\"title\":\"Bruno Machado\",\"position_x\":\"90\",\"position_y\":\"48\",\"image\":\"wp-content\\\/uploads\\\/2022\\\/06\\\/bruno.jpg\"}},{\"type\":\"popover_item\",\"props\":{\"content\":\"\n\n<p><strong>Endere\\u00e7o<\\\/strong> <br \\\/>Travessa Baur\\u00fa 20, Aparecida, Santar\\u00e9m - PA<br \\\/><strong>E-mail<\\\/strong><br \\\/>gesahiel@gmail.com<\\\/p>\",\"title\":\"Hiel Ges\\u00e3\",\"image\":\"wp-content\\\/uploads\\\/2022\\\/06\\\/hiel-gesa.jpg\",\"position_x\":\"65\",\"position_y\":\"16\"}},{\"type\":\"popover_item\",\"props\":{\"content\":\"\n\n<p><strong>Endere\\u00e7o<\\\/strong> <br \\\/>Rua Dr Guilherme \\u00c1lvaro 42 apto 105B, Santos - SP<br \\\/><strong>E-mail<\\\/strong><br \\\/>Fredericolonghin@gmail.com<\\\/p>\",\"title\":\"Frederico Camargo Longhin\"}}]}]},{\"type\":\"column\",\"props\":{\"image_position\":\"top-left\",\"media_overlay_gradient\":\"\",\"padding\":\"large\",\"image\":\"\",\"width_medium\":\"1-2\",\"position_sticky_breakpoint\":\"m\"},\"children\":[{\"type\":\"headline\",\"props\":{\"title_element\":\"h2\",\"title_style\":\"heading-small\",\"maxwidth_breakpoint\":\"s\",\"text_align\":\"left\",\"text_align_breakpoint\":\"m\",\"text_align_fallback\":\"center\",\"content\":\"Movimento Surfski Bahia \\u2013 Brasil \\u2013 Mundo\",\"parallax_breakpoint\":\"s\"}},{\"type\":\"text\",\"props\":{\"margin\":\"default\",\"column_breakpoint\":\"m\",\"text_align\":\"left\",\"text_align_breakpoint\":\"m\",\"text_align_fallback\":\"center\",\"content\":\"\n\n<p>Com a funda\\u00e7\\u00e3o da Galeria Viv\\u00e1, em Salvador, a pr\\u00e1tica do surfski come\\u00e7ou a ser fomentada em todo o estado da Bahia, somando for\\u00e7a a outras iniciativas espalhadas pelo Brasil. Na Bahia, foi criado o <strong>Movimento Surfski Bahia \\u2013 Brasil \\u2013 Mundo<\\\/strong> com o objetivo de fomentar a modalidade da canoagem oce\\u00e2nica, aproveitando todos os recursos que a Bahia de Todos os Santos proporciona, a exemplo das excelentes condi\\u00e7\\u00f5es de mar e de ventos. \\u201cUma das estrat\\u00e9gias do movimento \\u00e9 desmistificar a imagem de que o mar \\u00e9 trai\\u00e7oeiro e perigoso e mostrar que dom\\u00ednio e a consci\\u00eancia entre os limites f\\u00edsico, psicol\\u00f3gico e t\\u00e9cnico, somados \\u00e0 leitura do mar, transformam a \\u00e1gua o lugar mais seguro da cidade. \\u201cA minha miss\\u00e3o \\u00e9 expandir essa consci\\u00eancia e disseminar o conhecimento agregado em todos esses anos para quem trabalha com \\u00e1gua e com o esporte oce\\u00e2nico, no Brasil e no mundo\\u201d, explica Bruno Machado.<\\\/p>\"}}]}]}],\"name\":\"About\"},{\"type\":\"section\",\"props\":{\"style\":\"default\",\"width\":\"default\",\"vertical_align\":\"middle\",\"title_position\":\"top-left\",\"title_rotation\":\"left\",\"title_breakpoint\":\"xl\",\"image_position\":\"center-center\"},\"children\":[{\"type\":\"row\",\"children\":[{\"type\":\"column\",\"props\":{\"position_sticky_breakpoint\":\"m\",\"image_position\":\"center-center\",\"media_overlay_gradient\":\"\"},\"children\":[{\"type\":\"headline\",\"props\":{\"title_element\":\"div\",\"title_style\":\"lead\",\"margin\":\"small\",\"text_align\":\"center\",\"content\":\"Surfski Brasil\",\"title_font_family\":\"primary\"}},{\"type\":\"headline\",\"props\":{\"title_element\":\"h2\",\"title_style\":\"h1\",\"block_align\":\"center\",\"text_align\":\"center\",\"content\":\"Aprenda com profissionais\",\"margin_remove_top\":true}}]}]},{\"type\":\"row\",\"children\":[{\"type\":\"column\",\"props\":{\"position_sticky_breakpoint\":\"m\",\"image_position\":\"center-center\",\"media_overlay_gradient\":\"\"},\"children\":[{\"type\":\"grid\",\"props\":{\"show_title\":true,\"show_meta\":true,\"show_content\":false,\"show_image\":true,\"show_link\":true,\"grid_default\":\"1\",\"grid_medium\":\"6\",\"filter_style\":\"tab\",\"filter_all\":true,\"filter_position\":\"top\",\"filter_align\":\"left\",\"filter_grid_width\":\"auto\",\"filter_grid_breakpoint\":\"m\",\"title_hover_style\":\"reset\",\"title_element\":\"div\",\"title_align\":\"top\",\"title_grid_width\":\"1-2\",\"title_grid_breakpoint\":\"m\",\"meta_style\":\"meta\",\"meta_align\":\"below-title\",\"meta_element\":\"div\",\"content_column_breakpoint\":\"m\",\"icon_width\":80,\"image_align\":\"top\",\"image_grid_width\":\"1-2\",\"image_grid_breakpoint\":\"m\",\"image_svg_color\":\"emphasis\",\"link_text\":\"Read more\",\"link_style\":\"default\",\"margin\":\"default\",\"item_animation\":true,\"image_border\":\"circle\",\"image_width\":\"400\",\"image_height\":\"400\",\"grid_column_align\":false,\"text_align\":\"center\"},\"children\":[{\"type\":\"grid_item\",\"props\":{\"content\":\"\n\n<p><strong>Endere\\u00e7o<\\\/strong> <br \\\/>Travessa Baur\\u00fa 20, Aparecida<br \\\/><strong>E-mail<\\\/strong><br \\\/>gesahiel@gmail.com<\\\/p>\",\"title\":\"Hiel Ges\\u00e3\",\"meta\":\"Santar\\u00e9m - PA\",\"image\":\"wp-content\\\/uploads\\\/2022\\\/06\\\/hiel-gesa.jpg\"}},{\"type\":\"grid_item\",\"props\":{\"content\":\"\n\n<p><strong>Endere\\u00e7o<\\\/strong> <br \\\/>Rua Dr Guilherme \\u00c1lvaro 42 apto 105B<br \\\/><strong>E-mail<\\\/strong><br \\\/>Fredericolonghin@gmail.com<\\\/p>\",\"title\":\"Frederico Camargo Longhin\",\"meta\":\"Santos - SP\",\"image\":\"wp-content\\\/uploads\\\/2022\\\/06\\\/frederico-camargo-longhin.jpg\"}},{\"type\":\"grid_item\",\"props\":{\"content\":\"\n\n<p><strong>Endere\\u00e7o<\\\/strong> <br \\\/>Rua Delmiro Gouveia 840 , Cor\\u00f4a do Meio<br \\\/><strong>Telefone<\\\/strong> <br \\\/>(79) 99968-1515<br \\\/><strong>E-mail<\\\/strong> <br \\\/><a href=\\\"mailto:igorcross79@hotmail.com\\\">igorcross79@hotmail.com<\\\/a><\\\/p>\",\"title\":\"Washington Igor Santos Cruz\",\"meta\":\"Aracaju- SE\",\"image\":\"wp-content\\\/uploads\\\/2022\\\/06\\\/washington-igor.jpg\"}},{\"type\":\"grid_item\",\"props\":{\"content\":\"\n\n<p><strong>Endere\\u00e7o<\\\/strong><br \\\/>Guardaria, General Carneiro N\\u00b0378 Centro hist\\u00f3rico\\u00a0<br \\\/><strong>Telefone<\\\/strong><br \\\/>(41) 99270-8403<br \\\/><strong>E-mail<\\\/strong><br \\\/><a href=\\\"mailto:johnatha.vaz@hotmail.com\\\">johnatha.vaz@hotmail.com<\\\/a><\\\/p>\",\"title\":\"Johnatha Vaz\",\"meta\":\"Paranagu\\u00e1 - PR\",\"image\":\"wp-content\\\/uploads\\\/2022\\\/06\\\/johnatha-vaz.jpg\"}},{\"type\":\"grid_item\",\"props\":{\"content\":\"\n\n<p><strong>Endere\\u00e7o<\\\/strong><br \\\/>Praia do Bonfim,\\u00a0<br \\\/><strong>Telefone<\\\/strong> <br \\\/>(21) 99988-8890<br \\\/><strong>E-mail<\\\/strong><br \\\/><a href=\\\"mailto:dicaum@hotmail.com\\\">dicaum@hotmail.com<\\\/a><\\\/p>\",\"title\":\"Alexandre Ferreira\",\"meta\":\"Angra dos Reis - RJ\",\"image\":\"wp-content\\\/uploads\\\/2022\\\/06\\\/alexandre-ferreira.jpg\"}},{\"type\":\"grid_item\",\"props\":{\"title\":\"Bruno Machado\",\"content\":\"\n\n<p><strong>Endere\\u00e7o<\\\/strong><br \\\/>Av. Sete de Setembro, 3819E \\u2013 Barra,\\u00a0<br \\\/><strong>Telefone<br \\\/><\\\/strong>(71) 99241-3726<strong><br \\\/>Email<\\\/strong><br \\\/>contato@surfskibrasil.com.br<\\\/p>\",\"image\":\"wp-content\\\/uploads\\\/2022\\\/06\\\/bruno.jpg\",\"meta\":\"Salvador \\u2013 BA\"}}]}]}]}]}],\"version\":\"2.7.22\"} --><\/p>\n","protected":false},"excerpt":{"rendered":"<p>O Movimento Surfski Alexandre Ferreira Endere\u00e7o: Praia do Bonfim, Angra dos Reis \/ RJTelefone: (21) 99988-8890 E-mail: Dicaum@hotmail.com Washington Igor Santa Cruz Endere\u00e7o Rua Delmiro Gouveia 840 , Cor\u00f4a do Meio, Aracaju- SETelefone (79) 99968-1515E-mail igorcross79@hotmail.com Johnatha Vaz Endere\u00e7oGuardaria, General Carneiro N\u00b0378 Centro hist\u00f3rico Paranagu\u00e1 PRTelefone(41) 99270-8403E-mailjohnatha.vaz@hotmail.com Bruno Machado Endere\u00e7oAv. Sete de Setembro, 3819E &#8211; [&hellip;]<\/p>\n","protected":false},"author":1,"featured_media":0,"parent":0,"menu_order":6,"comment_status":"open","ping_status":"closed","template":"","meta":{"_acf_changed":false,"footnotes":""},"acf":[],"_links":{"self":[{"href":"https:\/\/surfskibrasil.com.br\/index.php?rest_route=\/wp\/v2\/pages\/6"}],"collection":[{"href":"https:\/\/surfskibrasil.com.br\/index.php?rest_route=\/wp\/v2\/pages"}],"about":[{"href":"https:\/\/surfskibrasil.com.br\/index.php?rest_route=\/wp\/v2\/types\/page"}],"author":[{"embeddable":true,"href":"https:\/\/surfskibrasil.com.br\/index.php?rest_route=\/wp\/v2\/users\/1"}],"replies":[{"embeddable":true,"href":"https:\/\/surfskibrasil.com.br\/index.php?rest_route=%2Fwp%2Fv2%2Fcomments&post=6"}],"version-history":[{"count":21,"href":"https:\/\/surfskibrasil.com.br\/index.php?rest_route=\/wp\/v2\/pages\/6\/revisions"}],"predecessor-version":[{"id":1514,"href":"https:\/\/surfskibrasil.com.br\/index.php?rest_route=\/wp\/v2\/pages\/6\/revisions\/1514"}],"wp:attachment":[{"href":"https:\/\/surfskibrasil.com.br\/index.php?rest_route=%2Fwp%2Fv2%2Fmedia&parent=6"}],"curies":[{"name":"wp","href":"https:\/\/api.w.org\/{rel}","templated":true}]}}