{"id":4,"date":"2019-09-10T13:03:23","date_gmt":"2019-09-10T16:03:23","guid":{"rendered":"http:\/\/surfskibrasil.com.br\/?p=4"},"modified":"2023-05-08T08:30:45","modified_gmt":"2023-05-08T11:30:45","slug":"a-galeria","status":"publish","type":"page","link":"https:\/\/surfskibrasil.com.br\/?page_id=4","title":{"rendered":"A Galeria"},"content":{"rendered":"<div>Galeria Viv\u00e1<\/div>\n<h1>Local onde nasceu o Movimento Surfski Bahia<\/h1>\n<p><img decoding=\"async\" src=\"\/wp-content\/uploads\/2023\/05\/logo-imagem-fundo2.png\" alt=\"\"><\/p>\n<div>\n<p>A Galeria Viv\u00e1 \u00e9 uma guardaria de caiaques de surfski, pranchas de SUP e canoas havaianas; local onde nasceu o Movimento SurfSki Bahia. \u00c9 tamb\u00e9m ponto de encontro; um templo da conex\u00e3o com o mar para as fam\u00edlias e pessoas que praticam esportes oce\u00e2nicos.<\/p>\n<p>Feche os olhos e imagine um lugar que conecta voc\u00ea a ancestralidade. Uma decora\u00e7\u00e3o amadeirada com pinturas e artefatos ind\u00edgenas, redes, cristais, filtros dos sonhos, fontes de \u00e1gua desenhos que rementem ao movimento dos planetas&#8230;. Tudo isso em meio a pranchas e caiaques. No segundo andar um espa\u00e7o sagrado onde os alunos aprendem yoga, treinam as t\u00e9cnicas b\u00e1sicas e meditam.<\/p>\n<p>Essa mistura perfeita de espiritualidade, ancestralidade, esporte e conex\u00e3o com o mar, fazem da Galeria Viv\u00e1 um espa\u00e7o \u00fanico, no Porto da Barra \u2013 Salvador (BA).\u00a0 A brisa do mar bate suave, a temperatura morna da \u00e1gua e o sol presente durante o ano todo s\u00e3o sin\u00f4nimos de acolhimento para quem busca a pr\u00e1tica dos esportes oce\u00e2nicos \u00e1 remo.<\/p>\n<\/div>\n<div>Nossa hist\u00f3ria<\/div>\n<h2>Tudo come\u00e7ou em 2015<\/h2>\n<p><img decoding=\"async\" src=\"\/wp-content\/uploads\/2022\/06\/sup-2.jpg\" alt=\"\"><br \/>\n<img decoding=\"async\" src=\"\/wp-content\/uploads\/2022\/06\/sup-1.jpg\" alt=\"\"><\/p>\n<ul>\n<li>\n<p>        <img decoding=\"async\" src=\"\/wp-content\/uploads\/yootheme\/about-us-story-01.jpg\" alt=\"\"><\/p>\n<\/li>\n<li>\n<p>        <img decoding=\"async\" src=\"\/wp-content\/uploads\/yootheme\/about-us-story-02.jpg\" alt=\"\"><\/p>\n<\/li>\n<\/ul>\n<div>\n<p>Criada em 2015 a Viv\u00e1, como \u00e9 mais conhecida, abriu as portas com o foco em treinos de SUP (<em>Stand Up Paddle<\/em>) e aluguel das pranchas para a pr\u00e1tica da modalidade. O propriet\u00e1rio Bruno Machado, nativo do Porto da Barra, foi vice-campe\u00e3o Baiano no circuito profissional de SUP e logo em seguida come\u00e7ou a praticar canoa havaiana, conquistando o quarto lugar da Volta da Ilha de Santo Amaro, com a Oc6. \u201cIdentifiquei ent\u00e3o uma nova \u00e1rea de atua\u00e7\u00e3o profissional. Enxerguei um potencial do crescimento da canoagem oce\u00e2nica na Bahia. Standup e canoa havaiana, tendo a guardaria como projeto principal\u201d, explica.<\/p>\n<\/div>\n<p><img decoding=\"async\" src=\"\/wp-content\/uploads\/2022\/04\/DSC_7586.jpg\" alt=\"\"><\/p>\n<div>\n<p>Bruno Machado aplica uma metodologia inovadora no ensino do esporte, o que chama a aten\u00e7\u00e3o de um p\u00fablico que busca a pr\u00e1tica esportiva aliada a qualidade de vida e a conex\u00e3o com o corpo e a natureza. \u201cEssa metodologia veio de uma bagagem de vida que conecta est\u00edmulos do boxe, da yoga, da medita\u00e7\u00e3o e da educa\u00e7\u00e3o f\u00edsica. A caminhada no yoga me trouxe essa responsabilidade da prepara\u00e7\u00e3o do corpo para o movimento. Precisamos sempre ser fi\u00e9is a essa consci\u00eancia\u201d, complementa Bruno.<\/p>\n<p>Em 2016 a Galeria Viv\u00e1 ganhou ainda mais for\u00e7a com a implementa\u00e7\u00e3o do Surfski. \u201cMeu grande amigo Fernando Fernandes me apresentou o Surfski. Comprei o meu primeiro barco ap\u00f3s experimentar v\u00e1rios modelos e decidi me aprofundar na t\u00e9cnica. O surfski me preencheu, assim como o boxe era na minha vida. Senti o chamado. Me dediquei e defini que ia t\u00ea-lo como carro-chefe; ia entrar visceralmente\u201d, ressalta.<\/p>\n<\/div>\n<blockquote>\n<p>O Surfski \u00e9 atualmente o servi\u00e7o de foco da Galeria Viv\u00e1.<\/p>\n<\/blockquote>\n<div>\n<p>Em seis anos j\u00e1 passaram pela escola mais de 500 alunos. \u201cNa Viv\u00e1, o aluno aprende a pr\u00e1tica, pode fortalecer a t\u00e9cnica alugando os barcos e muitos praticantes avan\u00e7am para a compra do pr\u00f3prio barco que pode ficar guardado aqui mesmo na Galeria\u201d, completa Bruno Machado.<\/p>\n<\/div>\n<p><img decoding=\"async\" src=\"\/wp-content\/uploads\/2022\/04\/DSC_7673.png\" alt=\"\"><\/p>\n<p><!--more--><br \/>\n<!-- {\"type\":\"layout\",\"children\":[{\"type\":\"section\",\"props\":{\"style\":\"default\",\"width\":\"xlarge\",\"vertical_align\":\"middle\",\"title_position\":\"top-left\",\"title_rotation\":\"left\",\"title_breakpoint\":\"xl\",\"image_position\":\"center-center\",\"height\":\"full\",\"image\":\"\",\"image_size\":\"cover\",\"image_width\":\"2560\",\"header_transparent_noplaceholder\":false,\"overlap\":false},\"children\":[{\"type\":\"row\",\"props\":{\"layout\":\"1-2,1-2\",\"margin_remove_bottom\":false,\"divider\":false,\"column_gap\":\"large\",\"row_gap\":\"large\"},\"children\":[{\"type\":\"column\",\"props\":{\"image_position\":\"center-center\",\"media_overlay_gradient\":\"\",\"vertical_align\":\"middle\",\"image\":\"\",\"image_size\":\"contain\",\"width_medium\":\"1-2\",\"position_sticky_breakpoint\":\"m\"},\"children\":[{\"type\":\"headline\",\"props\":{\"title_element\":\"div\",\"title_style\":\"lead\",\"margin\":\"remove-vertical\",\"maxwidth\":\"xlarge\",\"block_align\":\"center\",\"text_align\":\"left\",\"text_align_breakpoint\":\"m\",\"text_align_fallback\":\"center\",\"content\":\"Galeria Viv\\u00e1\",\"title_font_family\":\"primary\"}},{\"type\":\"headline\",\"props\":{\"title_element\":\"h1\",\"title_style\":\"heading-medium\",\"margin\":\"small\",\"maxwidth\":\"xlarge\",\"block_align\":\"center\",\"text_align\":\"left\",\"text_align_breakpoint\":\"m\",\"text_align_fallback\":\"center\",\"animation\":\"parallax\",\"content\":\"Local onde nasceu o Movimento Surfski Bahia\",\"parallax_breakpoint\":\"s\",\"parallax_y_end\":\"-5vh\"}},{\"type\":\"text\",\"props\":{\"margin\":\"default\",\"column_breakpoint\":\"m\",\"content\":\"\",\"maxwidth\":\"xlarge\"}}]},{\"type\":\"column\",\"props\":{\"image_position\":\"center-center\",\"media_overlay_gradient\":\"\",\"vertical_align\":\"middle\",\"width_medium\":\"1-2\",\"order_first\":\"m\",\"position_sticky_breakpoint\":\"m\"},\"children\":[{\"type\":\"image\",\"props\":{\"margin\":\"default\",\"image_svg_color\":\"emphasis\",\"maxwidth_breakpoint\":\"m\",\"block_align\":\"center\",\"block_align_breakpoint\":\"m\",\"text_align\":\"center\",\"image\":\"wp-content\\\/uploads\\\/2023\\\/05\\\/logo-imagem-fundo2.png\",\"image_width\":\"700\",\"parallax_breakpoint\":\"s\",\"parallax_target\":false}}]}]},{\"type\":\"row\",\"children\":[{\"type\":\"column\",\"props\":{\"position_sticky_breakpoint\":\"m\",\"image_position\":\"center-center\",\"media_overlay_gradient\":\"\"},\"children\":[{\"type\":\"text\",\"props\":{\"margin\":\"default\",\"column_breakpoint\":\"m\",\"content\":\"\n\n<p>A Galeria Viv\\u00e1 \\u00e9 uma guardaria de caiaques de surfski, pranchas de SUP e canoas havaianas; local onde nasceu o Movimento SurfSki Bahia. \\u00c9 tamb\\u00e9m ponto de encontro; um templo da conex\\u00e3o com o mar para as fam\\u00edlias e pessoas que praticam esportes oce\\u00e2nicos.<\\\/p>\\n\n\n<p>Feche os olhos e imagine um lugar que conecta voc\\u00ea a ancestralidade. Uma decora\\u00e7\\u00e3o amadeirada com pinturas e artefatos ind\\u00edgenas, redes, cristais, filtros dos sonhos, fontes de \\u00e1gua desenhos que rementem ao movimento dos planetas.... Tudo isso em meio a pranchas e caiaques. No segundo andar um espa\\u00e7o sagrado onde os alunos aprendem yoga, treinam as t\\u00e9cnicas b\\u00e1sicas e meditam.<\\\/p>\\n\n\n<p>Essa mistura perfeita de espiritualidade, ancestralidade, esporte e conex\\u00e3o com o mar, fazem da Galeria Viv\\u00e1 um espa\\u00e7o \\u00fanico, no Porto da Barra \\u2013 Salvador (BA).\\u00a0 A brisa do mar bate suave, a temperatura morna da \\u00e1gua e o sol presente durante o ano todo s\\u00e3o sin\\u00f4nimos de acolhimento para quem busca a pr\\u00e1tica dos esportes oce\\u00e2nicos \\u00e1 remo.<\\\/p>\"}}]}],\"props\":{\"width\":\"large\"}}],\"name\":\"Hero\"},{\"type\":\"section\",\"props\":{\"style\":\"default\",\"width\":\"large\",\"vertical_align\":\"middle\",\"title_position\":\"top-left\",\"title_rotation\":\"left\",\"title_breakpoint\":\"xl\",\"image_position\":\"center-center\"},\"children\":[{\"type\":\"row\",\"props\":{\"layout\":\"1-2,1-2\",\"column_gap\":\"large\",\"row_gap\":\"large\"},\"children\":[{\"type\":\"column\",\"props\":{\"image_position\":\"center-center\",\"media_overlay_gradient\":\"\",\"width_medium\":\"1-2\",\"position_sticky_breakpoint\":\"m\"},\"children\":[{\"type\":\"headline\",\"props\":{\"title_element\":\"div\",\"title_style\":\"lead\",\"margin\":\"small\",\"content\":\"Nossa hist\\u00f3ria\",\"title_font_family\":\"primary\"}},{\"type\":\"headline\",\"props\":{\"title_element\":\"h2\",\"title_style\":\"heading-small\",\"margin\":\"remove-vertical\",\"maxwidth\":\"large\",\"content\":\"Tudo come\\u00e7ou em 2015\",\"margin_remove_top\":false,\"margin_remove_bottom\":false}},{\"type\":\"image\",\"props\":{\"margin\":\"default\",\"image_svg_color\":\"emphasis\",\"image_box_decoration\":\"default\",\"maxwidth\":\"xlarge\",\"block_align_breakpoint\":\"m\",\"block_align_fallback\":\"center\",\"animation\":\"parallax\",\"visibility\":\"m\",\"image\":\"wp-content\\\/uploads\\\/2022\\\/06\\\/sup-2.jpg\",\"image_width\":\"900\",\"image_box_decoration_inverse\":true,\"parallax_y_start\":\"10vh\",\"parallax_y_end\":\"5vh\"}}]},{\"type\":\"column\",\"props\":{\"image_position\":\"center-center\",\"media_overlay_gradient\":\"\",\"width_medium\":\"1-2\",\"order_first\":\"m\",\"position_sticky_breakpoint\":\"m\"},\"children\":[{\"type\":\"image\",\"props\":{\"margin\":\"default\",\"image_svg_color\":\"emphasis\",\"image_box_decoration\":\"default\",\"animation\":\"parallax\",\"visibility\":\"m\",\"image\":\"wp-content\\\/uploads\\\/2022\\\/06\\\/sup-1.jpg\",\"image_width\":\"900\",\"image_box_decoration_inverse\":true,\"parallax_y_start\":\"-2vh\",\"parallax_y_end\":\"-6vh\",\"margin_remove_bottom\":false}},{\"type\":\"grid\",\"props\":{\"show_title\":true,\"show_meta\":true,\"show_content\":true,\"show_image\":true,\"show_link\":true,\"grid_default\":\"1\",\"grid_medium\":\"\",\"filter_style\":\"tab\",\"filter_all\":true,\"filter_position\":\"top\",\"filter_align\":\"left\",\"filter_grid_width\":\"auto\",\"title_hover_style\":\"reset\",\"title_element\":\"h3\",\"title_align\":\"top\",\"title_grid_width\":\"1-2\",\"meta_style\":\"meta\",\"meta_align\":\"below-title\",\"image_align\":\"top\",\"image_grid_width\":\"1-2\",\"image_svg_color\":\"emphasis\",\"link_text\":\"Read more\",\"link_style\":\"default\",\"margin\":\"default\",\"item_animation\":true,\"grid_small\":\"2\",\"image_box_decoration\":\"default\",\"visibility\":\"hidden-m\",\"class\":\"\",\"image_box_decoration_inverse\":true,\"filter_grid_breakpoint\":\"m\",\"title_grid_breakpoint\":\"m\",\"image_grid_breakpoint\":\"m\",\"icon_width\":80,\"meta_element\":\"div\",\"content_column_breakpoint\":\"m\"},\"children\":[{\"type\":\"grid_item\",\"props\":{\"image\":\"wp-content\\\/uploads\\\/yootheme\\\/about-us-story-01.jpg\"}},{\"type\":\"grid_item\",\"props\":{\"image\":\"wp-content\\\/uploads\\\/yootheme\\\/about-us-story-02.jpg\"}}]},{\"type\":\"text\",\"props\":{\"margin\":\"large\",\"column_breakpoint\":\"m\",\"maxwidth\":\"xlarge\",\"block_align\":\"center\",\"content\":\"\n\n<p>Criada em 2015 a Viv\\u00e1, como \\u00e9 mais conhecida, abriu as portas com o foco em treinos de SUP (<em>Stand Up Paddle<\\\/em>) e aluguel das pranchas para a pr\\u00e1tica da modalidade. O propriet\\u00e1rio Bruno Machado, nativo do Porto da Barra, foi vice-campe\\u00e3o Baiano no circuito profissional de SUP e logo em seguida come\\u00e7ou a praticar canoa havaiana, conquistando o quarto lugar da Volta da Ilha de Santo Amaro, com a Oc6. \\u201cIdentifiquei ent\\u00e3o uma nova \\u00e1rea de atua\\u00e7\\u00e3o profissional. Enxerguei um potencial do crescimento da canoagem oce\\u00e2nica na Bahia. Standup e canoa havaiana, tendo a guardaria como projeto principal\\u201d, explica.<\\\/p>\"}}]}]},{\"type\":\"row\",\"props\":{\"width\":\"large\",\"margin\":\"large\",\"layout\":\"1-2,1-2\"},\"children\":[{\"type\":\"column\",\"props\":{\"image_position\":\"bottom-right\",\"media_overlay_gradient\":\"\",\"image\":\"\",\"image_effect\":\"parallax\",\"image_parallax_breakpoint\":\"s\",\"image_parallax_bgy_start\":\"0\",\"image_parallax_bgy_end\":\"-4vh\",\"image_parallax_easing\":\"0.7\",\"image_parallax_bgx_start\":\"-3vw\",\"image_parallax_bgx_end\":\"-3vw\",\"width_medium\":\"1-2\",\"media_visibility\":\"s\",\"position_sticky_breakpoint\":\"m\",\"padding\":\"none\"},\"children\":[{\"type\":\"image\",\"props\":{\"margin\":\"default\",\"image_svg_color\":\"emphasis\",\"image\":\"wp-content\\\/uploads\\\/2022\\\/04\\\/DSC_7586.jpg\"}}]},{\"type\":\"column\",\"props\":{\"position_sticky_breakpoint\":\"m\",\"image_position\":\"center-center\",\"media_overlay_gradient\":\"\",\"width_medium\":\"1-2\",\"vertical_align\":\"middle\"},\"children\":[{\"type\":\"text\",\"props\":{\"margin\":\"default\",\"column_breakpoint\":\"m\",\"content\":\"\n\n<p>Bruno Machado aplica uma metodologia inovadora no ensino do esporte, o que chama a aten\\u00e7\\u00e3o de um p\\u00fablico que busca a pr\\u00e1tica esportiva aliada a qualidade de vida e a conex\\u00e3o com o corpo e a natureza. \\u201cEssa metodologia veio de uma bagagem de vida que conecta est\\u00edmulos do boxe, da yoga, da medita\\u00e7\\u00e3o e da educa\\u00e7\\u00e3o f\\u00edsica. A caminhada no yoga me trouxe essa responsabilidade da prepara\\u00e7\\u00e3o do corpo para o movimento. Precisamos sempre ser fi\\u00e9is a essa consci\\u00eancia\\u201d, complementa Bruno.<\\\/p>\\n\n\n<p>Em 2016 a Galeria Viv\\u00e1 ganhou ainda mais for\\u00e7a com a implementa\\u00e7\\u00e3o do Surfski. \\u201cMeu grande amigo Fernando Fernandes me apresentou o Surfski. Comprei o meu primeiro barco ap\\u00f3s experimentar v\\u00e1rios modelos e decidi me aprofundar na t\\u00e9cnica. O surfski me preencheu, assim como o boxe era na minha vida. Senti o chamado. Me dediquei e defini que ia t\\u00ea-lo como carro-chefe; ia entrar visceralmente\\u201d, ressalta.<\\\/p>\"}}]}]}],\"name\":\"About\"},{\"type\":\"section\",\"props\":{\"style\":\"default\",\"width\":\"large\",\"vertical_align\":\"middle\",\"title_position\":\"top-left\",\"title_rotation\":\"left\",\"title_breakpoint\":\"xl\",\"image_position\":\"center-center\",\"padding\":\"xlarge\",\"image\":\"wp-content\\\/uploads\\\/2022\\\/04\\\/DSC_7568.jpg\",\"image_size\":\"cover\",\"image_effect\":\"parallax\",\"image_parallax_breakpoint\":\"s\",\"image_width\":\"2560\",\"image_parallax_bgy_start\":\"5vh\",\"image_parallax_bgy_end\":\"-10vh\"},\"children\":[{\"type\":\"row\",\"props\":{\"layout\":\"1-2,1-2\",\"class\":\"\"},\"children\":[{\"type\":\"column\",\"props\":{\"image_position\":\"center-center\",\"media_overlay_gradient\":\"\",\"width_medium\":\"1-2\",\"position_sticky_breakpoint\":\"m\"},\"children\":[]},{\"type\":\"column\",\"props\":{\"image_position\":\"center-center\",\"media_overlay_gradient\":\"\",\"vertical_align\":\"middle\",\"style\":\"default\",\"padding\":\"small\",\"width_medium\":\"1-2\",\"position_sticky_breakpoint\":\"m\"},\"children\":[{\"type\":\"quotation\",\"props\":{\"text_align\":\"center\",\"content\":\"\n\n<p>O Surfski \\u00e9 atualmente o servi\\u00e7o de foco da Galeria Viv\\u00e1.<\\\/p>\",\"author\":\"\",\"footer\":\"\",\"class\":\"\"}},{\"type\":\"text\",\"props\":{\"margin\":\"default\",\"column_breakpoint\":\"m\",\"content\":\"\n\n<p>Em seis anos j\\u00e1 passaram pela escola mais de 500 alunos. \\u201cNa Viv\\u00e1, o aluno aprende a pr\\u00e1tica, pode fortalecer a t\\u00e9cnica alugando os barcos e muitos praticantes avan\\u00e7am para a compra do pr\\u00f3prio barco que pode ficar guardado aqui mesmo na Galeria\\u201d, completa Bruno Machado.<\\\/p>\"}}]}]}],\"name\":\"Quote\"},{\"type\":\"section\",\"props\":{\"style\":\"default\",\"width\":\"\",\"vertical_align\":\"middle\",\"title_position\":\"top-left\",\"title_rotation\":\"left\",\"title_breakpoint\":\"xl\",\"image_position\":\"center-center\",\"image\":\"\",\"padding_remove_bottom\":true,\"padding_remove_top\":true},\"children\":[{\"type\":\"row\",\"children\":[{\"type\":\"column\",\"props\":{\"image_position\":\"center-center\",\"media_overlay_gradient\":\"\",\"width_medium\":\"1-1\",\"position_sticky_breakpoint\":\"m\"},\"children\":[{\"type\":\"image\",\"props\":{\"margin\":\"default\",\"image_svg_color\":\"emphasis\",\"image\":\"wp-content\\\/uploads\\\/2022\\\/04\\\/DSC_7673.png\",\"image_width\":\"2560\",\"parallax_breakpoint\":\"m\"}}]}]}],\"name\":\"Image\"}],\"version\":\"2.7.22\"} --><\/p>\n","protected":false},"excerpt":{"rendered":"<p>Galeria Viv\u00e1 Local onde nasceu o Movimento Surfski Bahia A Galeria Viv\u00e1 \u00e9 uma guardaria de caiaques de surfski, pranchas de SUP e canoas havaianas; local onde nasceu o Movimento SurfSki Bahia. \u00c9 tamb\u00e9m ponto de encontro; um templo da conex\u00e3o com o mar para as fam\u00edlias e pessoas que praticam esportes oce\u00e2nicos. Feche os [&hellip;]<\/p>\n","protected":false},"author":1,"featured_media":0,"parent":0,"menu_order":4,"comment_status":"open","ping_status":"closed","template":"","meta":{"_acf_changed":false,"footnotes":""},"acf":[],"_links":{"self":[{"href":"https:\/\/surfskibrasil.com.br\/index.php?rest_route=\/wp\/v2\/pages\/4"}],"collection":[{"href":"https:\/\/surfskibrasil.com.br\/index.php?rest_route=\/wp\/v2\/pages"}],"about":[{"href":"https:\/\/surfskibrasil.com.br\/index.php?rest_route=\/wp\/v2\/types\/page"}],"author":[{"embeddable":true,"href":"https:\/\/surfskibrasil.com.br\/index.php?rest_route=\/wp\/v2\/users\/1"}],"replies":[{"embeddable":true,"href":"https:\/\/surfskibrasil.com.br\/index.php?rest_route=%2Fwp%2Fv2%2Fcomments&post=4"}],"version-history":[{"count":16,"href":"https:\/\/surfskibrasil.com.br\/index.php?rest_route=\/wp\/v2\/pages\/4\/revisions"}],"predecessor-version":[{"id":1513,"href":"https:\/\/surfskibrasil.com.br\/index.php?rest_route=\/wp\/v2\/pages\/4\/revisions\/1513"}],"wp:attachment":[{"href":"https:\/\/surfskibrasil.com.br\/index.php?rest_route=%2Fwp%2Fv2%2Fmedia&parent=4"}],"curies":[{"name":"wp","href":"https:\/\/api.w.org\/{rel}","templated":true}]}}