{"id":19,"date":"2019-09-10T13:03:23","date_gmt":"2019-09-10T16:03:23","guid":{"rendered":"http:\/\/surfskibrasil.com.br\/?p=19"},"modified":"2023-06-21T08:02:56","modified_gmt":"2023-06-21T11:02:56","slug":"a-guardaria","status":"publish","type":"page","link":"https:\/\/surfskibrasil.com.br\/?page_id=19","title":{"rendered":"A Guardaria"},"content":{"rendered":"<ul>\n<li>\n<p>        <img decoding=\"async\" src=\"\/wp-content\/uploads\/2022\/06\/IMG_3238.jpg\" alt=\"\"><\/p>\n<h3>IMG_3238<\/h3>\n<\/li>\n<li>\n<p>        <img decoding=\"async\" src=\"\/wp-content\/uploads\/2022\/06\/IMG_3236.jpg\" alt=\"\"><\/p>\n<h3>IMG_3236<\/h3>\n<\/li>\n<li>\n<p>        <img decoding=\"async\" src=\"\/wp-content\/uploads\/2022\/06\/IMG_3235.jpg\" alt=\"\"><\/p>\n<h3>IMG_3235<\/h3>\n<\/li>\n<li>\n<p>        <img decoding=\"async\" src=\"\/wp-content\/uploads\/2022\/06\/IMG_3234.jpg\" alt=\"\"><\/p>\n<h3>IMG_3234<\/h3>\n<\/li>\n<li>\n<p>        <img decoding=\"async\" src=\"\/wp-content\/uploads\/2022\/06\/IMG_3233.jpg\" alt=\"\"><\/p>\n<h3>IMG_3233<\/h3>\n<\/li>\n<\/ul>\n<div>Guardaria e loca\u00e7\u00f5es<\/div>\n<h1>Na melhor localiza\u00e7\u00e3o do Porto da Barra com 500m\u00b2<\/h1>\n<hr>\n<div>\n<p>A guardaria Galeria Viv\u00e1 est\u00e1 situada na melhor localiza\u00e7\u00e3o do Porto da Barra em um espa\u00e7o de 500m2, em frente a rampa que d\u00e1 acesso \u00e0 praia.<\/p>\n<p>Com espa\u00e7os ergon\u00f4micos, criados sob medida para os barcos de surfski, pranchas de SUP e canoas havaianas, conta tamb\u00e9m com um ambiente aconchegante para os associados.<\/p>\n<\/div>\n<h3>Voc\u00ea trabalha remotamente e quer ter uma experi\u00eancia com o surfski?<\/h3>\n<div>\n<p><span>Um espa\u00e7o de trabalho exclusivo para profissionais que trabalham remotamente. Neste local, eles podem desfrutar de um ambiente tranquilo e inspirador, livre de distra\u00e7\u00f5es. Al\u00e9m disso, t\u00eam a oportunidade de participar dos cursos e workshops oferecidos pela Galeria Viva. Essa combina\u00e7\u00e3o \u00fanica de produtividade e cultura proporciona um ambiente enriquecedor para o desenvolvimento pessoal e profissional. Veja abaixo o que oferecemos:<\/span><\/p>\n<\/div>\n<ul>\n<li>\n        <a href=\"\/site\/?page_id=2\">Forma\u00e7\u00e3o<\/a>\n    <\/li>\n<li>\n        <a href=\"\/site\/?page_id=1521\">Experi\u00eancia Surfski<\/a>\n    <\/li>\n<li>\n        <a href=\"\/site\/?page_id=1417\">Trip<\/a>\n    <\/li>\n<li>\n        <a href=\"\/site\/?page_id=1439\">Passeios<\/a>\n    <\/li>\n<li>\n        <a href=\"\/site\/?page_id=1475\">Leitura do mar e dos ventos<\/a>\n    <\/li>\n<\/ul>\n<ul>\n<li>\n<p>        <img decoding=\"async\" src=\"\/wp-content\/uploads\/2022\/06\/PHOTO-2020-10-02-00-15-22-2.jpeg\" alt=\"\"><\/p>\n<h3>PHOTO-2020-10-02-00-15-22 2<\/h3>\n<\/li>\n<li>\n<p>        <img decoding=\"async\" src=\"\/wp-content\/uploads\/2022\/06\/PHOTO-2020-10-02-00-15-30.jpeg\" alt=\"\"><\/p>\n<h3>PHOTO-2020-10-02-00-15-30<\/h3>\n<\/li>\n<li>\n<p>        <img decoding=\"async\" src=\"\/wp-content\/uploads\/2022\/06\/PHOTO-2020-10-02-00-15-31.jpeg\" alt=\"\"><\/p>\n<h3>PHOTO-2020-10-02-00-15-31<\/h3>\n<\/li>\n<li>\n<p>        <img decoding=\"async\" src=\"\/wp-content\/uploads\/2022\/06\/PHOTO-2020-10-02-00-15-32.jpeg\" alt=\"\"><\/p>\n<h3>PHOTO-2020-10-02-00-15-32<\/h3>\n<\/li>\n<li>\n<p>        <img decoding=\"async\" src=\"\/wp-content\/uploads\/2022\/06\/PHOTO-2020-10-02-00-15-33-2.jpeg\" alt=\"\"><\/p>\n<h3>PHOTO-2020-10-02-00-15-33 2<\/h3>\n<\/li>\n<li>\n<p>        <img decoding=\"async\" src=\"\/wp-content\/uploads\/2022\/06\/PHOTO-2020-10-02-00-15-33.jpeg\" alt=\"\"><\/p>\n<h3>PHOTO-2020-10-02-00-15-33<\/h3>\n<\/li>\n<li>\n<p>        <img decoding=\"async\" src=\"\/wp-content\/uploads\/2022\/06\/PHOTO-2020-10-02-00-15-34.jpeg\" alt=\"\"><\/p>\n<h3>PHOTO-2020-10-02-00-15-34<\/h3>\n<\/li>\n<li>\n<p>        <img decoding=\"async\" src=\"\/wp-content\/uploads\/2022\/06\/PHOTO-2020-10-21-00-53-28.jpeg\" alt=\"\"><\/p>\n<h3>PHOTO-2020-10-21-00-53-28<\/h3>\n<\/li>\n<li>\n<p>        <img decoding=\"async\" src=\"\/wp-content\/uploads\/2022\/06\/PHOTO-2020-10-21-00-53-30-2.jpeg\" alt=\"\"><\/p>\n<h3>PHOTO-2020-10-21-00-53-30 2<\/h3>\n<\/li>\n<li>\n<p>        <img decoding=\"async\" src=\"\/wp-content\/uploads\/2022\/06\/PHOTO-2020-10-21-00-53-30.jpeg\" alt=\"\"><\/p>\n<h3>PHOTO-2020-10-21-00-53-30<\/h3>\n<\/li>\n<li>\n<p>        <img decoding=\"async\" src=\"\/wp-content\/uploads\/2022\/06\/PHOTO-2020-10-21-00-53-31-3.jpeg\" alt=\"\"><\/p>\n<h3>PHOTO-2020-10-21-00-53-31 3<\/h3>\n<\/li>\n<li>\n<p>        <img decoding=\"async\" src=\"\/wp-content\/uploads\/2022\/06\/PHOTO-2020-10-21-00-53-32.jpeg\" alt=\"\"><\/p>\n<h3>PHOTO-2020-10-21-00-53-32<\/h3>\n<\/li>\n<li>\n<p>        <img decoding=\"async\" src=\"\/wp-content\/uploads\/2022\/06\/PHOTO-2020-10-21-00-53-34-2.jpeg\" alt=\"\"><\/p>\n<h3>PHOTO-2020-10-21-00-53-34 2<\/h3>\n<\/li>\n<li>\n<p>        <img decoding=\"async\" src=\"\/wp-content\/uploads\/2022\/06\/PHOTO-2020-10-21-00-53-43-2.jpeg\" alt=\"\"><\/p>\n<h3>PHOTO-2020-10-21-00-53-43 2<\/h3>\n<\/li>\n<li>\n<p>        <img decoding=\"async\" src=\"\/wp-content\/uploads\/2022\/06\/PHOTO-2020-10-21-00-53-43.jpeg\" alt=\"\"><\/p>\n<h3>PHOTO-2020-10-21-00-53-43<\/h3>\n<\/li>\n<li>\n<p>        <img decoding=\"async\" src=\"\/wp-content\/uploads\/2022\/06\/PHOTO-2020-10-21-00-53-48.jpeg\" alt=\"\"><\/p>\n<h3>PHOTO-2020-10-21-00-53-48<\/h3>\n<\/li>\n<li>\n<p>        <img decoding=\"async\" src=\"\/wp-content\/uploads\/2022\/06\/PHOTO-2020-10-21-00-53-49-2.jpeg\" alt=\"\"><\/p>\n<h3>PHOTO-2020-10-21-00-53-49 2<\/h3>\n<\/li>\n<li>\n<p>        <img decoding=\"async\" src=\"\/wp-content\/uploads\/2022\/06\/PHOTO-2020-10-21-00-53-49.jpeg\" alt=\"\"><\/p>\n<h3>PHOTO-2020-10-21-00-53-49<\/h3>\n<\/li>\n<li>\n<p>        <img decoding=\"async\" src=\"\/wp-content\/uploads\/2022\/06\/PHOTO-2020-10-21-00-53-52-2.jpeg\" alt=\"\"><\/p>\n<h3>PHOTO-2020-10-21-00-53-52 2<\/h3>\n<\/li>\n<li>\n<p>        <img decoding=\"async\" src=\"\/wp-content\/uploads\/2022\/06\/PHOTO-2020-10-21-00-53-52.jpeg\" alt=\"\"><\/p>\n<h3>PHOTO-2020-10-21-00-53-52<\/h3>\n<\/li>\n<li>\n<p>        <img decoding=\"async\" src=\"\/wp-content\/uploads\/2022\/06\/PHOTO-2022-03-21-12-04-39-3.jpeg\" alt=\"\"><\/p>\n<h3>PHOTO-2022-03-21-12-04-39 3<\/h3>\n<\/li>\n<li>\n<p>        <img decoding=\"async\" src=\"\/wp-content\/uploads\/2022\/06\/PHOTO-2022-03-21-12-04-39-4.jpeg\" alt=\"\"><\/p>\n<h3>PHOTO-2022-03-21-12-04-39 4<\/h3>\n<\/li>\n<li>\n<p>        <img decoding=\"async\" src=\"\/wp-content\/uploads\/2022\/06\/PHOTO-2022-03-21-12-04-39-5.jpeg\" alt=\"\"><\/p>\n<h3>PHOTO-2022-03-21-12-04-39 5<\/h3>\n<\/li>\n<li>\n<p>        <img decoding=\"async\" src=\"\/wp-content\/uploads\/2022\/06\/PHOTO-2022-03-21-12-04-39.jpeg\" alt=\"\"><\/p>\n<h3>PHOTO-2022-03-21-12-04-39<\/h3>\n<\/li>\n<li>\n<p>        <img decoding=\"async\" src=\"\/wp-content\/uploads\/2022\/06\/PHOTO-2022-03-21-12-04-40-2.jpeg\" alt=\"\"><\/p>\n<h3>PHOTO-2022-03-21-12-04-40 2<\/h3>\n<\/li>\n<li>\n<p>        <img decoding=\"async\" src=\"\/wp-content\/uploads\/2022\/06\/PHOTO-2022-03-21-12-04-40.jpeg\" alt=\"\"><\/p>\n<h3>PHOTO-2022-03-21-12-04-40<\/h3>\n<\/li>\n<\/ul>\n<h1>\u00c1reas para associados <\/h1>\n<ul>\n<li>\n<p>        <img decoding=\"async\" src=\"\/wp-content\/uploads\/2022\/04\/toilet.png\" alt=\"\"><\/p>\n<h2>Vesti\u00e1rios<br \/>banheiros<\/h2>\n<\/li>\n<li>\n<p>        <img decoding=\"async\" src=\"\/wp-content\/uploads\/2022\/04\/lockers.png\" alt=\"\"><\/p>\n<h2>Porta<br \/>volume<\/h2>\n<\/li>\n<li>\n<p>        <img decoding=\"async\" src=\"\/wp-content\/uploads\/2022\/04\/coffee.png\" alt=\"\"><\/p>\n<h2>Espa\u00e7o de<br \/>descanso<\/h2>\n<\/li>\n<li>\n<p>        <img decoding=\"async\" src=\"\/wp-content\/uploads\/2022\/04\/wifi-signal.png\" alt=\"\"><\/p>\n<h2>Sinal de<br \/>wi-fi<\/h2>\n<\/li>\n<li>\n<p>        <img decoding=\"async\" src=\"\/wp-content\/uploads\/2022\/04\/restaurant.png\" alt=\"\"><\/p>\n<h2>Lanchonete<br \/>e A\u00e7a\u00ed<\/h2>\n<\/li>\n<\/ul>\n<div>Para valores e<\/div>\n<h2>mais informa\u00e7\u00f5es<\/h2>\n<p>\n    <a href=\"https:\/\/wa.me\/5571992413726?text=Ol%C3%A1,%20tenho%20interesse%20em%20saber%20mais\">71 99241-3762<\/a>\n<\/p>\n<p><!--more--><br \/>\n<!-- {\"type\":\"layout\",\"children\":[{\"type\":\"section\",\"props\":{\"style\":\"muted\",\"width\":\"\",\"vertical_align\":\"middle\",\"title_position\":\"top-left\",\"title_rotation\":\"left\",\"title_breakpoint\":\"xl\",\"image_position\":\"bottom-left\",\"text_color\":\"dark\",\"height\":\"full\",\"header_transparent\":\"dark\",\"image\":\"\",\"overlap\":false,\"image_width\":\"900\",\"header_transparent_noplaceholder\":false,\"class\":\"\",\"preserve_color\":false},\"children\":[{\"type\":\"row\",\"props\":{\"layout\":\"2-5,3-5\",\"class\":\"\",\"column_gap\":\"large\",\"row_gap\":\"large\",\"width\":\"large\"},\"children\":[{\"type\":\"column\",\"props\":{\"image_position\":\"center-center\",\"media_overlay_gradient\":\"\",\"vertical_align\":\"middle\",\"width_medium\":\"2-5\",\"position_sticky_breakpoint\":\"m\"},\"children\":[{\"type\":\"overlay-slider\",\"props\":{\"show_title\":false,\"show_meta\":true,\"show_content\":true,\"show_link\":true,\"slider_width\":\"fixed\",\"slider_width_default\":\"1-1\",\"slider_width_medium\":\"\",\"slider_autoplay_pause\":true,\"nav\":\"\",\"nav_align\":\"center\",\"nav_breakpoint\":\"s\",\"slidenav\":\"\",\"slidenav_margin\":\"medium\",\"slidenav_breakpoint\":\"s\",\"slidenav_outside_breakpoint\":\"xl\",\"overlay_mode\":\"cover\",\"overlay_position\":\"center\",\"overlay_transition\":\"fade\",\"title_element\":\"h3\",\"meta_style\":\"meta\",\"meta_align\":\"below-title\",\"link_text\":\"Read more\",\"link_style\":\"default\",\"text_align\":\"center\",\"margin\":\"default\",\"slider_height\":\"\",\"slider_width_small\":\"\",\"slider_width_large\":\"\",\"slider_width_xlarge\":\"\",\"nav_margin\":\"\",\"nav_color\":\"\",\"slidenav_color\":\"\",\"slidenav_outside_color\":\"\",\"block_align\":\"center\",\"slider_autoplay\":true,\"slider_velocity\":\"0.9\",\"slider_autoplay_interval\":\"4\",\"slider_gap\":\"default\",\"meta_element\":\"div\",\"show_hover_image\":true,\"title_hover_style\":\"reset\",\"image_height\":\"750\"},\"children\":[{\"type\":\"overlay-slider_item\",\"props\":{\"title\":\"IMG_3238\",\"image\":\"wp-content\\\/uploads\\\/2022\\\/06\\\/IMG_3238.jpg\"}},{\"type\":\"overlay-slider_item\",\"props\":{\"title\":\"IMG_3236\",\"image\":\"wp-content\\\/uploads\\\/2022\\\/06\\\/IMG_3236.jpg\"}},{\"type\":\"overlay-slider_item\",\"props\":{\"title\":\"IMG_3235\",\"image\":\"wp-content\\\/uploads\\\/2022\\\/06\\\/IMG_3235.jpg\"}},{\"type\":\"overlay-slider_item\",\"props\":{\"title\":\"IMG_3234\",\"image\":\"wp-content\\\/uploads\\\/2022\\\/06\\\/IMG_3234.jpg\"}},{\"type\":\"overlay-slider_item\",\"props\":{\"title\":\"IMG_3233\",\"image\":\"wp-content\\\/uploads\\\/2022\\\/06\\\/IMG_3233.jpg\"}}]}]},{\"type\":\"column\",\"props\":{\"image_position\":\"center-center\",\"media_overlay_gradient\":\"\",\"vertical_align\":\"middle\",\"width_medium\":\"3-5\",\"position_sticky_breakpoint\":\"m\"},\"children\":[{\"type\":\"headline\",\"props\":{\"title_element\":\"div\",\"title_style\":\"lead\",\"margin\":\"small\",\"block_align_breakpoint\":\"m\",\"block_align_fallback\":\"center\",\"text_align\":\"left\",\"text_align_breakpoint\":\"s\",\"text_align_fallback\":\"center\",\"content\":\"Guardaria e loca\\u00e7\\u00f5es\",\"title_font_family\":\"primary\"}},{\"type\":\"headline\",\"props\":{\"title_element\":\"h1\",\"title_style\":\"heading-small\",\"maxwidth\":\"2xlarge\",\"block_align_breakpoint\":\"m\",\"block_align_fallback\":\"center\",\"text_align\":\"left\",\"text_align_breakpoint\":\"s\",\"text_align_fallback\":\"center\",\"margin_remove_top\":true,\"content\":\"Na melhor localiza\\u00e7\\u00e3o do Porto da Barra com 500m\\u00b2\"}},{\"type\":\"divider\",\"props\":{\"divider_element\":\"hr\"}},{\"type\":\"text\",\"props\":{\"margin\":\"default\",\"column_breakpoint\":\"m\",\"block_align_breakpoint\":\"m\",\"block_align_fallback\":\"center\",\"text_align\":\"left\",\"text_align_breakpoint\":\"s\",\"text_align_fallback\":\"center\",\"content\":\"\n\n<p>A guardaria Galeria Viv\\u00e1 est\\u00e1 situada na melhor localiza\\u00e7\\u00e3o do Porto da Barra em um espa\\u00e7o de 500m2, em frente a rampa que d\\u00e1 acesso \\u00e0 praia.<\\\/p>\\n\n\n<p>Com espa\\u00e7os ergon\\u00f4micos, criados sob medida para os barcos de surfski, pranchas de SUP e canoas havaianas, conta tamb\\u00e9m com um ambiente aconchegante para os associados.<\\\/p>\",\"margin_remove_top\":false}},{\"type\":\"headline\",\"props\":{\"title_element\":\"h3\",\"content\":\"Voc\\u00ea trabalha remotamente e quer ter uma experi\\u00eancia com o surfski?\",\"margin\":\"default\"}},{\"type\":\"text\",\"props\":{\"margin\":\"default\",\"column_breakpoint\":\"m\",\"content\":\"\n\n<p><span>Um espa\\u00e7o de trabalho exclusivo para profissionais que trabalham remotamente. Neste local, eles podem desfrutar de um ambiente tranquilo e inspirador, livre de distra\\u00e7\\u00f5es. Al\\u00e9m disso, t\\u00eam a oportunidade de participar dos cursos e workshops oferecidos pela Galeria Viva. Essa combina\\u00e7\\u00e3o \\u00fanica de produtividade e cultura proporciona um ambiente enriquecedor para o desenvolvimento pessoal e profissional. Veja abaixo o que oferecemos:<\\\/span><\\\/p>\"}},{\"type\":\"subnav\",\"props\":{\"subnav_style\":\"divider\",\"css\":\".uk-subnav>*>:first-child {\\n    \\n    font-size: 16px;\\n    font-family: Montserrat;\\n    font-weight: 400;\\n    text-transform: none;\\n    align-items: left;\\n    padding-left: 0px;\\n}\"},\"children\":[{\"type\":\"subnav_item\",\"props\":{\"content\":\"Forma\\u00e7\\u00e3o\",\"link\":\"?page_id=2\",\"active\":false}},{\"type\":\"subnav_item\",\"props\":{\"content\":\"Experi\\u00eancia Surfski\",\"link\":\"?page_id=1521\"}},{\"type\":\"subnav_item\",\"props\":{\"content\":\"Trip\",\"link\":\"?page_id=1417\"}},{\"type\":\"subnav_item\",\"props\":{\"content\":\"Passeios\",\"link\":\"?page_id=1439\"}},{\"type\":\"subnav_item\",\"props\":{\"content\":\"Leitura do mar e dos ventos\",\"link\":\"?page_id=1475\"}}]}]}]}],\"name\":\"Hero\"},{\"type\":\"section\",\"props\":{\"style\":\"default\",\"width\":\"\",\"vertical_align\":\"middle\",\"title_position\":\"top-left\",\"title_rotation\":\"left\",\"title_breakpoint\":\"xl\",\"image_position\":\"center-center\",\"padding\":\"none\"},\"children\":[{\"type\":\"row\",\"props\":{\"margin\":\"remove-vertical\"},\"children\":[{\"type\":\"column\",\"props\":{\"position_sticky_breakpoint\":\"m\",\"image_position\":\"center-center\",\"media_overlay_gradient\":\"\",\"width_medium\":\"\"},\"children\":[{\"type\":\"slideshow\",\"props\":{\"show_title\":false,\"show_meta\":false,\"show_content\":false,\"show_link\":false,\"show_thumbnail\":true,\"slideshow_min_height\":300,\"slideshow_autoplay_pause\":true,\"nav\":\"dotnav\",\"nav_position\":\"bottom-center\",\"nav_position_margin\":\"medium\",\"nav_align\":\"center\",\"nav_breakpoint\":\"s\",\"thumbnav_width\":\"100\",\"thumbnav_height\":\"75\",\"thumbnav_svg_color\":\"emphasis\",\"slidenav\":\"default\",\"slidenav_margin\":\"medium\",\"slidenav_breakpoint\":\"s\",\"slidenav_outside_breakpoint\":\"xl\",\"overlay_position\":\"center-left\",\"overlay_animation\":\"parallax\",\"title_element\":\"h3\",\"meta_style\":\"meta\",\"meta_align\":\"below-title\",\"meta_element\":\"div\",\"link_text\":\"Read more\",\"link_style\":\"default\",\"margin\":\"default\",\"nav_below\":true,\"slideshow_autoplay\":true},\"children\":[{\"type\":\"slideshow_item\",\"props\":{\"title\":\"PHOTO-2020-10-02-00-15-22 2\",\"image\":\"wp-content\\\/uploads\\\/2022\\\/06\\\/PHOTO-2020-10-02-00-15-22-2.jpeg\"}},{\"type\":\"slideshow_item\",\"props\":{\"title\":\"PHOTO-2020-10-02-00-15-30\",\"image\":\"wp-content\\\/uploads\\\/2022\\\/06\\\/PHOTO-2020-10-02-00-15-30.jpeg\"}},{\"type\":\"slideshow_item\",\"props\":{\"title\":\"PHOTO-2020-10-02-00-15-31\",\"image\":\"wp-content\\\/uploads\\\/2022\\\/06\\\/PHOTO-2020-10-02-00-15-31.jpeg\"}},{\"type\":\"slideshow_item\",\"props\":{\"title\":\"PHOTO-2020-10-02-00-15-32\",\"image\":\"wp-content\\\/uploads\\\/2022\\\/06\\\/PHOTO-2020-10-02-00-15-32.jpeg\"}},{\"type\":\"slideshow_item\",\"props\":{\"title\":\"PHOTO-2020-10-02-00-15-33 2\",\"image\":\"wp-content\\\/uploads\\\/2022\\\/06\\\/PHOTO-2020-10-02-00-15-33-2.jpeg\"}},{\"type\":\"slideshow_item\",\"props\":{\"title\":\"PHOTO-2020-10-02-00-15-33\",\"image\":\"wp-content\\\/uploads\\\/2022\\\/06\\\/PHOTO-2020-10-02-00-15-33.jpeg\"}},{\"type\":\"slideshow_item\",\"props\":{\"title\":\"PHOTO-2020-10-02-00-15-34\",\"image\":\"wp-content\\\/uploads\\\/2022\\\/06\\\/PHOTO-2020-10-02-00-15-34.jpeg\"}},{\"type\":\"slideshow_item\",\"props\":{\"title\":\"PHOTO-2020-10-21-00-53-28\",\"image\":\"wp-content\\\/uploads\\\/2022\\\/06\\\/PHOTO-2020-10-21-00-53-28.jpeg\"}},{\"type\":\"slideshow_item\",\"props\":{\"title\":\"PHOTO-2020-10-21-00-53-30 2\",\"image\":\"wp-content\\\/uploads\\\/2022\\\/06\\\/PHOTO-2020-10-21-00-53-30-2.jpeg\"}},{\"type\":\"slideshow_item\",\"props\":{\"title\":\"PHOTO-2020-10-21-00-53-30\",\"image\":\"wp-content\\\/uploads\\\/2022\\\/06\\\/PHOTO-2020-10-21-00-53-30.jpeg\"}},{\"type\":\"slideshow_item\",\"props\":{\"title\":\"PHOTO-2020-10-21-00-53-31 3\",\"image\":\"wp-content\\\/uploads\\\/2022\\\/06\\\/PHOTO-2020-10-21-00-53-31-3.jpeg\"}},{\"type\":\"slideshow_item\",\"props\":{\"title\":\"PHOTO-2020-10-21-00-53-32\",\"image\":\"wp-content\\\/uploads\\\/2022\\\/06\\\/PHOTO-2020-10-21-00-53-32.jpeg\"}},{\"type\":\"slideshow_item\",\"props\":{\"title\":\"PHOTO-2020-10-21-00-53-34 2\",\"image\":\"wp-content\\\/uploads\\\/2022\\\/06\\\/PHOTO-2020-10-21-00-53-34-2.jpeg\"}},{\"type\":\"slideshow_item\",\"props\":{\"title\":\"PHOTO-2020-10-21-00-53-43 2\",\"image\":\"wp-content\\\/uploads\\\/2022\\\/06\\\/PHOTO-2020-10-21-00-53-43-2.jpeg\"}},{\"type\":\"slideshow_item\",\"props\":{\"title\":\"PHOTO-2020-10-21-00-53-43\",\"image\":\"wp-content\\\/uploads\\\/2022\\\/06\\\/PHOTO-2020-10-21-00-53-43.jpeg\"}},{\"type\":\"slideshow_item\",\"props\":{\"title\":\"PHOTO-2020-10-21-00-53-48\",\"image\":\"wp-content\\\/uploads\\\/2022\\\/06\\\/PHOTO-2020-10-21-00-53-48.jpeg\"}},{\"type\":\"slideshow_item\",\"props\":{\"title\":\"PHOTO-2020-10-21-00-53-49 2\",\"image\":\"wp-content\\\/uploads\\\/2022\\\/06\\\/PHOTO-2020-10-21-00-53-49-2.jpeg\"}},{\"type\":\"slideshow_item\",\"props\":{\"title\":\"PHOTO-2020-10-21-00-53-49\",\"image\":\"wp-content\\\/uploads\\\/2022\\\/06\\\/PHOTO-2020-10-21-00-53-49.jpeg\"}},{\"type\":\"slideshow_item\",\"props\":{\"title\":\"PHOTO-2020-10-21-00-53-52 2\",\"image\":\"wp-content\\\/uploads\\\/2022\\\/06\\\/PHOTO-2020-10-21-00-53-52-2.jpeg\"}},{\"type\":\"slideshow_item\",\"props\":{\"title\":\"PHOTO-2020-10-21-00-53-52\",\"image\":\"wp-content\\\/uploads\\\/2022\\\/06\\\/PHOTO-2020-10-21-00-53-52.jpeg\"}},{\"type\":\"slideshow_item\",\"props\":{\"title\":\"PHOTO-2022-03-21-12-04-39 3\",\"image\":\"wp-content\\\/uploads\\\/2022\\\/06\\\/PHOTO-2022-03-21-12-04-39-3.jpeg\"}},{\"type\":\"slideshow_item\",\"props\":{\"title\":\"PHOTO-2022-03-21-12-04-39 4\",\"image\":\"wp-content\\\/uploads\\\/2022\\\/06\\\/PHOTO-2022-03-21-12-04-39-4.jpeg\"}},{\"type\":\"slideshow_item\",\"props\":{\"title\":\"PHOTO-2022-03-21-12-04-39 5\",\"image\":\"wp-content\\\/uploads\\\/2022\\\/06\\\/PHOTO-2022-03-21-12-04-39-5.jpeg\"}},{\"type\":\"slideshow_item\",\"props\":{\"title\":\"PHOTO-2022-03-21-12-04-39\",\"image\":\"wp-content\\\/uploads\\\/2022\\\/06\\\/PHOTO-2022-03-21-12-04-39.jpeg\"}},{\"type\":\"slideshow_item\",\"props\":{\"title\":\"PHOTO-2022-03-21-12-04-40 2\",\"image\":\"wp-content\\\/uploads\\\/2022\\\/06\\\/PHOTO-2022-03-21-12-04-40-2.jpeg\"}},{\"type\":\"slideshow_item\",\"props\":{\"title\":\"PHOTO-2022-03-21-12-04-40\",\"image\":\"wp-content\\\/uploads\\\/2022\\\/06\\\/PHOTO-2022-03-21-12-04-40.jpeg\"}}]}]}]}]},{\"type\":\"section\",\"props\":{\"style\":\"default\",\"width\":\"default\",\"vertical_align\":\"middle\",\"title_position\":\"top-left\",\"title_rotation\":\"left\",\"title_breakpoint\":\"xl\",\"image_position\":\"center-center\"},\"children\":[{\"type\":\"row\",\"children\":[{\"type\":\"column\",\"props\":{\"position_sticky_breakpoint\":\"m\",\"image_position\":\"center-center\",\"media_overlay_gradient\":\"\"},\"children\":[{\"type\":\"headline\",\"props\":{\"title_element\":\"h1\",\"content\":\"\\u00c1reas para associados \",\"margin\":\"large\"}},{\"type\":\"grid\",\"props\":{\"show_title\":true,\"show_meta\":true,\"show_content\":true,\"show_image\":true,\"show_link\":true,\"grid_default\":\"1\",\"grid_medium\":\"\",\"filter_style\":\"tab\",\"filter_all\":true,\"filter_position\":\"top\",\"filter_align\":\"left\",\"filter_grid_width\":\"auto\",\"title_hover_style\":\"reset\",\"title_element\":\"h2\",\"title_align\":\"top\",\"title_grid_width\":\"1-2\",\"meta_style\":\"meta\",\"meta_align\":\"below-title\",\"image_align\":\"top\",\"image_grid_width\":\"1-2\",\"image_svg_color\":\"emphasis\",\"link_text\":\"Read more\",\"link_style\":\"default\",\"margin\":\"default\",\"item_animation\":true,\"grid_small\":\"5\",\"title_style\":\"h5\",\"content_margin\":\"small\",\"block_align_breakpoint\":\"m\",\"block_align_fallback\":\"center\",\"text_align\":\"center\",\"text_align_breakpoint\":\"s\",\"text_align_fallback\":\"center\",\"grid_column_gap\":\"small\",\"grid_row_gap\":\"small\",\"filter_grid_breakpoint\":\"m\",\"title_grid_breakpoint\":\"m\",\"image_grid_breakpoint\":\"m\",\"icon_width\":\"20\",\"meta_element\":\"div\",\"content_column_breakpoint\":\"m\",\"grid_column_align\":false,\"image_height\":\"80\",\"margin_remove_bottom\":false},\"children\":[{\"type\":\"grid_item\",\"props\":{\"title\":\"Vesti\\u00e1rios<br \/>banheiros\",\"content\":\"\",\"meta\":\"\",\"image\":\"wp-content\\\/uploads\\\/2022\\\/04\\\/toilet.png\"}},{\"type\":\"grid_item\",\"props\":{\"title\":\"Porta<br \/>volume\",\"content\":\"\",\"meta\":\"\",\"image\":\"wp-content\\\/uploads\\\/2022\\\/04\\\/lockers.png\"}},{\"type\":\"grid_item\",\"props\":{\"title\":\"Espa\\u00e7o de<br \/>descanso\",\"content\":\"\",\"meta\":\"\",\"image\":\"wp-content\\\/uploads\\\/2022\\\/04\\\/coffee.png\"}},{\"type\":\"grid_item\",\"props\":{\"title\":\"Sinal de<br \/>wi-fi\",\"content\":\"\",\"meta\":\"\",\"image\":\"wp-content\\\/uploads\\\/2022\\\/04\\\/wifi-signal.png\"}},{\"type\":\"grid_item\",\"props\":{\"title\":\"Lanchonete<br \/>e A\\u00e7a\\u00ed\",\"content\":\"\",\"meta\":\"\",\"image\":\"wp-content\\\/uploads\\\/2022\\\/04\\\/restaurant.png\"}}]}]}]}]},{\"type\":\"section\",\"props\":{\"style\":\"primary\",\"width\":\"\",\"vertical_align\":\"middle\",\"title_position\":\"center-right\",\"title_rotation\":\"left\",\"title_breakpoint\":\"l\",\"image_position\":\"center-left\",\"width_expand\":\"left\",\"padding\":\"large\",\"title\":\"Alugue equipamento de surfski\",\"image\":\"\",\"image_size\":\"cover\",\"padding_remove_bottom\":true,\"padding_remove_top\":true},\"children\":[{\"type\":\"row\",\"children\":[{\"type\":\"column\",\"props\":{\"image_position\":\"bottom-center\",\"media_overlay_gradient\":\"\",\"text_color\":\"light\",\"padding\":\"large\",\"image\":\"wp-content\\\/uploads\\\/yootheme\\\/rentals-cta-bg.jpg\",\"image_size\":\"cover\",\"image_effect\":\"parallax\",\"image_width\":\"2260\",\"image_parallax_bgy_start\":\"-5vw\",\"image_parallax_bgy_end\":\"4vw\",\"position_sticky_breakpoint\":\"m\",\"width_medium\":\"\"},\"children\":[{\"type\":\"headline\",\"props\":{\"title_element\":\"div\",\"title_style\":\"h3\",\"margin\":\"small\",\"text_align\":\"center\",\"content\":\"Para valores e\",\"title_font_family\":\"primary\"}},{\"type\":\"headline\",\"props\":{\"title_element\":\"h2\",\"title_style\":\"heading-small\",\"margin\":\"large\",\"maxwidth\":\"2xlarge\",\"block_align\":\"center\",\"text_align\":\"center\",\"content\":\"mais informa\\u00e7\\u00f5es\",\"margin_remove_top\":true}},{\"type\":\"button\",\"props\":{\"margin\":\"default\",\"button_size\":\"large\",\"text_align\":\"center\",\"grid_column_gap\":\"small\",\"grid_row_gap\":\"small\"},\"children\":[{\"type\":\"button_item\",\"props\":{\"button_style\":\"default\",\"icon_align\":\"left\",\"content\":\"71 99241-3762\",\"link\":\"https:\\\/\\\/wa.me\\\/5571992413726?text=Ol%C3%A1,%20tenho%20interesse%20em%20saber%20mais\",\"icon\":\"whatsapp\",\"link_target\":\"blank\"}}]}]}]}],\"name\":\"Call to Action\"}],\"version\":\"2.7.22\"} --><\/p>\n","protected":false},"excerpt":{"rendered":"<p>IMG_3238 IMG_3236 IMG_3235 IMG_3234 IMG_3233 Guardaria e loca\u00e7\u00f5es Na melhor localiza\u00e7\u00e3o do Porto da Barra com 500m\u00b2 A guardaria Galeria Viv\u00e1 est\u00e1 situada na melhor localiza\u00e7\u00e3o do Porto da Barra em um espa\u00e7o de 500m2, em frente a rampa que d\u00e1 acesso \u00e0 praia. Com espa\u00e7os ergon\u00f4micos, criados sob medida para os barcos de surfski, [&hellip;]<\/p>\n","protected":false},"author":1,"featured_media":0,"parent":0,"menu_order":0,"comment_status":"open","ping_status":"closed","template":"","meta":{"_acf_changed":false,"footnotes":""},"acf":[],"_links":{"self":[{"href":"https:\/\/surfskibrasil.com.br\/index.php?rest_route=\/wp\/v2\/pages\/19"}],"collection":[{"href":"https:\/\/surfskibrasil.com.br\/index.php?rest_route=\/wp\/v2\/pages"}],"about":[{"href":"https:\/\/surfskibrasil.com.br\/index.php?rest_route=\/wp\/v2\/types\/page"}],"author":[{"embeddable":true,"href":"https:\/\/surfskibrasil.com.br\/index.php?rest_route=\/wp\/v2\/users\/1"}],"replies":[{"embeddable":true,"href":"https:\/\/surfskibrasil.com.br\/index.php?rest_route=%2Fwp%2Fv2%2Fcomments&post=19"}],"version-history":[{"count":30,"href":"https:\/\/surfskibrasil.com.br\/index.php?rest_route=\/wp\/v2\/pages\/19\/revisions"}],"predecessor-version":[{"id":1550,"href":"https:\/\/surfskibrasil.com.br\/index.php?rest_route=\/wp\/v2\/pages\/19\/revisions\/1550"}],"wp:attachment":[{"href":"https:\/\/surfskibrasil.com.br\/index.php?rest_route=%2Fwp%2Fv2%2Fmedia&parent=19"}],"curies":[{"name":"wp","href":"https:\/\/api.w.org\/{rel}","templated":true}]}}