{"id":1475,"date":"2023-04-26T08:22:15","date_gmt":"2023-04-26T11:22:15","guid":{"rendered":"http:\/\/surfskibrasil.com.br\/?page_id=1475"},"modified":"2023-06-02T08:53:38","modified_gmt":"2023-06-02T11:53:38","slug":"curso-leitura-do-mar-e-dos-ventos","status":"publish","type":"page","link":"https:\/\/surfskibrasil.com.br\/?page_id=1475","title":{"rendered":"Curso Leitura do mar e dos ventos"},"content":{"rendered":"<h1>Curso de leitura do mar e dos ventos<\/h1>\n<div>\n<p>Bem-vindo ao curso de leitura do mar e dos ventos para frequentadores das praias de todo o Brasil, como tamb\u00e9m para os praticante de esporte a remo em geral, condutores de lanchas, veleiro e quaisquer embarca\u00e7\u00e3o com ou sem motor.<\/p>\n<p>Um dos nossos objetivos desse curso \u00e9 desmistificar essa cultura injusta e destorcida que propaga que o nosso Mar \u00e9 trai\u00e7oeiro, e repassar nossos conhecimentos dessa leitura, ensinando para o maior n\u00famero de pessoas, a ler os ciclos do mar e dos Ventos, entendendo que somente com a consci\u00eancia do nosso n\u00edvel t\u00e9cnico, psic\u00f3logo e f\u00edsico, localizando o n\u00edvel do ciclo do mar e vento, e adequado com seguran\u00e7a para a nossa condi\u00e7\u00e3o.<\/p>\n<p>Neste curso, voc\u00ea aprender\u00e1 a analisar as condi\u00e7\u00f5es do mar e dos ventos, aprendendo a interpretar as informa\u00e7\u00f5es que os ventos e as correntes oferecem, permitindo que voc\u00ea tome decis\u00f5es mais informadas enquanto est\u00e1 na \u00e1gua. Aprender\u00e1 a identificar padr\u00f5es clim\u00e1ticos, correntes, mar\u00e9s e ondula\u00e7\u00f5es, bem como a influ\u00eancia dos ventos nas condi\u00e7\u00f5es do mar, para que possa ajustar sua t\u00e9cnica da modalidade praticada, em conformidade.<\/p>\n<p>Com instrutores experientes e t\u00e9cnicas pr\u00e1ticas de aprendizagem, este curso foi projetado para ajud\u00e1-lo a se tornar um praticante de qualquer esporte a remo mais seguro e confiante. Ao concluir este curso, voc\u00ea estar\u00e1 mais bem preparado para enfrentar uma variedade de condi\u00e7\u00f5es clim\u00e1ticas e do mar, e estar\u00e1 melhor equipado para tirar o m\u00e1ximo proveito da sua experi\u00eancia no mar.<\/p>\n<p>Ent\u00e3o, prepare-se para embarcar em uma emocionante jornada de aprendizagem sobre a leitura do mar e dos ventos e explorar as \u00e1guas com confian\u00e7a e habilidade!<\/p>\n<p>Sejam todos bem vindos.<br \/>AlohAx\u00e9!<\/p>\n<\/div>\n<div>\n\n<div id=\"sb_instagram\"  class=\"sbi sbi_mob_col_1 sbi_tab_col_2 sbi_col_4 sbi_width_resp sbi-theme sbi-default_theme sbi-style-regular\" style=\"padding-bottom: 10px;\" data-post-style=\"regular\" data-feedid=\"sbi_#20\"  data-res=\"auto\" data-cols=\"4\" data-colsmobile=\"1\" data-colstablet=\"2\" data-num=\"20\" data-nummobile=\"20\" data-header-size=\"medium\" data-item-padding=\"5\" data-shortcode-atts=\"{&quot;feed&quot;:&quot;2&quot;}\"  data-postid=\"1475\" data-locatornonce=\"db0b10ef91\" data-options=\"{&quot;grid&quot;:true,&quot;lightboxcomments&quot;:20,&quot;colsmobile&quot;:1,&quot;colstablet&quot;:2}\" data-sbi-flags=\"favorLocal\">\n\n\n    <div id=\"sbi_images\" style=\"gap: 10px;\">\n\t\t    <\/div>\n\n\t<div id=\"sbi_load\" >\n\n\t\n\t\n<\/div>\n\n\t    <span class=\"sbi_resized_image_data\" data-feed-id=\"sbi_#20\" data-resized=\"[]\">\n\t<\/span>\n\t        <div id=\"sbi_mod_error\">\n            <span>Esta mensagem de erro \u00e9 vis\u00edvel apenas para administradores do WordPress<\/span><br \/>\n        <div><strong>Erro: ID de feed inv\u00e1lida.<\/strong><\/div>        <\/div>\n        \n<\/div>\n\n\n<\/div>\n<div>\n<p><iframe loading=\"lazy\" title=\"Curso Leitura do Mar e dos Ventos\" width=\"500\" height=\"281\" src=\"https:\/\/www.youtube.com\/embed\/oVfRudonVCw?feature=oembed\" frameborder=\"0\" allow=\"accelerometer; autoplay; clipboard-write; encrypted-media; gyroscope; picture-in-picture; web-share\" allowfullscreen><\/iframe><\/p>\n<\/div>\n<p><!--more--><br \/>\n<!-- {\"type\":\"layout\",\"children\":[{\"type\":\"section\",\"props\":{\"style\":\"default\",\"width\":\"default\",\"vertical_align\":\"middle\",\"title_position\":\"top-left\",\"title_rotation\":\"left\",\"title_breakpoint\":\"xl\",\"image_position\":\"center-center\"},\"children\":[{\"type\":\"row\",\"children\":[{\"type\":\"column\",\"props\":{\"position_sticky_breakpoint\":\"m\",\"image_position\":\"center-center\",\"media_overlay_gradient\":\"\"},\"children\":[{\"type\":\"headline\",\"props\":{\"title_element\":\"h1\",\"content\":\"Curso de leitura do mar e dos ventos\"}}]}]},{\"type\":\"row\",\"props\":{\"layout\":\"1-2,1-2\"},\"children\":[{\"type\":\"column\",\"props\":{\"position_sticky_breakpoint\":\"m\",\"image_position\":\"center-center\",\"media_overlay_gradient\":\"\",\"width_medium\":\"1-2\"},\"children\":[{\"type\":\"text\",\"props\":{\"margin\":\"default\",\"column_breakpoint\":\"m\",\"content\":\"\n\n<p>Bem-vindo ao curso de leitura do mar e dos ventos para frequentadores das praias de todo o Brasil, como tamb\\u00e9m para os praticante de esporte a remo em geral, condutores de lanchas, veleiro e quaisquer embarca\\u00e7\\u00e3o com ou sem motor.<\\\/p>\\n\n\n<p>Um dos nossos objetivos desse curso \\u00e9 desmistificar essa cultura injusta e destorcida que propaga que o nosso Mar \\u00e9 trai\\u00e7oeiro, e repassar nossos conhecimentos dessa leitura, ensinando para o maior n\\u00famero de pessoas, a ler os ciclos do mar e dos Ventos, entendendo que somente com a consci\\u00eancia do nosso n\\u00edvel t\\u00e9cnico, psic\\u00f3logo e f\\u00edsico, localizando o n\\u00edvel do ciclo do mar e vento, e adequado com seguran\\u00e7a para a nossa condi\\u00e7\\u00e3o.<\\\/p>\\n\n\n<p>Neste curso, voc\\u00ea aprender\\u00e1 a analisar as condi\\u00e7\\u00f5es do mar e dos ventos, aprendendo a interpretar as informa\\u00e7\\u00f5es que os ventos e as correntes oferecem, permitindo que voc\\u00ea tome decis\\u00f5es mais informadas enquanto est\\u00e1 na \\u00e1gua. Aprender\\u00e1 a identificar padr\\u00f5es clim\\u00e1ticos, correntes, mar\\u00e9s e ondula\\u00e7\\u00f5es, bem como a influ\\u00eancia dos ventos nas condi\\u00e7\\u00f5es do mar, para que possa ajustar sua t\\u00e9cnica da modalidade praticada, em conformidade.<\\\/p>\\n\n\n<p>Com instrutores experientes e t\\u00e9cnicas pr\\u00e1ticas de aprendizagem, este curso foi projetado para ajud\\u00e1-lo a se tornar um praticante de qualquer esporte a remo mais seguro e confiante. Ao concluir este curso, voc\\u00ea estar\\u00e1 mais bem preparado para enfrentar uma variedade de condi\\u00e7\\u00f5es clim\\u00e1ticas e do mar, e estar\\u00e1 melhor equipado para tirar o m\\u00e1ximo proveito da sua experi\\u00eancia no mar.<\\\/p>\\n\n\n<p>Ent\\u00e3o, prepare-se para embarcar em uma emocionante jornada de aprendizagem sobre a leitura do mar e dos ventos e explorar as \\u00e1guas com confian\\u00e7a e habilidade!<\\\/p>\\n\n\n<p>Sejam todos bem vindos.<br \\\/>AlohAx\\u00e9!<\\\/p>\"}}]},{\"type\":\"column\",\"props\":{\"position_sticky_breakpoint\":\"m\",\"image_position\":\"center-center\",\"media_overlay_gradient\":\"\",\"width_medium\":\"1-2\"},\"children\":[{\"type\":\"text\",\"props\":{\"margin\":\"default\",\"column_breakpoint\":\"m\",\"content\":\"\n\n<p>[instagram-feed feed=2]<\\\/p>\"}},{\"type\":\"text\",\"props\":{\"margin\":\"default\",\"column_breakpoint\":\"m\",\"content\":\"\n\n<p>https:\\\/\\\/www.youtube.com\\\/watch?v=oVfRudonVCw<\\\/p>\"}}]}]}]}],\"version\":\"2.7.22\"} --><\/p>\n","protected":false},"excerpt":{"rendered":"<p>Curso de leitura do mar e dos ventos Bem-vindo ao curso de leitura do mar e dos ventos para frequentadores das praias de todo o Brasil, como tamb\u00e9m para os praticante de esporte a remo em geral, condutores de lanchas, veleiro e quaisquer embarca\u00e7\u00e3o com ou sem motor. Um dos nossos objetivos desse curso \u00e9 [&hellip;]<\/p>\n","protected":false},"author":1,"featured_media":0,"parent":0,"menu_order":0,"comment_status":"closed","ping_status":"closed","template":"","meta":{"_acf_changed":false,"footnotes":""},"acf":[],"_links":{"self":[{"href":"https:\/\/surfskibrasil.com.br\/index.php?rest_route=\/wp\/v2\/pages\/1475"}],"collection":[{"href":"https:\/\/surfskibrasil.com.br\/index.php?rest_route=\/wp\/v2\/pages"}],"about":[{"href":"https:\/\/surfskibrasil.com.br\/index.php?rest_route=\/wp\/v2\/types\/page"}],"author":[{"embeddable":true,"href":"https:\/\/surfskibrasil.com.br\/index.php?rest_route=\/wp\/v2\/users\/1"}],"replies":[{"embeddable":true,"href":"https:\/\/surfskibrasil.com.br\/index.php?rest_route=%2Fwp%2Fv2%2Fcomments&post=1475"}],"version-history":[{"count":3,"href":"https:\/\/surfskibrasil.com.br\/index.php?rest_route=\/wp\/v2\/pages\/1475\/revisions"}],"predecessor-version":[{"id":1536,"href":"https:\/\/surfskibrasil.com.br\/index.php?rest_route=\/wp\/v2\/pages\/1475\/revisions\/1536"}],"wp:attachment":[{"href":"https:\/\/surfskibrasil.com.br\/index.php?rest_route=%2Fwp%2Fv2%2Fmedia&parent=1475"}],"curies":[{"name":"wp","href":"https:\/\/api.w.org\/{rel}","templated":true}]}}