{"id":1414,"date":"2022-07-26T21:10:19","date_gmt":"2022-07-27T00:10:19","guid":{"rendered":"http:\/\/surfskibrasil.com.br\/?page_id=1414"},"modified":"2023-04-25T11:21:40","modified_gmt":"2023-04-25T14:21:40","slug":"sup","status":"publish","type":"page","link":"https:\/\/surfskibrasil.com.br\/?page_id=1414","title":{"rendered":"SUP"},"content":{"rendered":"<div>SUP<\/div>\n<h2>Stand Up Paddle<\/h2>\n<div>\n<p class=\"p2\">Bruno Machado iniciou sua carreira em esportes n\u00e1uticos por meio do StandUp Padlle em 2011, sagrando-se vice-campe\u00e3o baiano em 2012. O SUP \u00e9 um bra\u00e7o forte da Galeria Viv\u00e1, com uma estrutura atual de atendimento simult\u00e2neo para at\u00e9 15 pessoas.<span class=\"Apple-converted-space\">\u00a0<\/span><\/p>\n<\/div>\n<div>\n<p>Voc\u00ea quer aproveitar a Ba\u00eda de Todos os Santos com um passeio tranquilo?<\/p>\n<p>N\u00f3s oferecemos os passeios de Stand Up Paddle, saindo do Porto da Barra e aproveitando o melhor do nosso mar de Salvador, de maneira tranquila, saud\u00e1vel e muito divertida!<\/p>\n<p>Venha com a sua fam\u00edlia e amigos aproveitar a nossa BIG SUP, a maior prancha do mundo! Na BIG SUP cabem 8 remadores de uma vez! O passeio tem divers\u00e3o garantida!<\/p>\n<p>Entre em contato conosco para alugar as nossas pranchas e fazer um passeio extraordin\u00e1rio!<\/p>\n<\/div>\n<p>\n    <a href=\"https:\/\/api.whatsapp.com\/send\/?phone=5571992413726&#038;text=Ol%C3%A1+tenho+interesse+em+saber+mais&#038;type=phone_number&#038;app_absent=0\">(71) 99241-3726<\/a>\n<\/p>\n<p><img decoding=\"async\" src=\"\/wp-content\/uploads\/2022\/08\/sup.jpg\" alt=\"\"><\/p>\n<div>\n<p><iframe loading=\"lazy\" title=\"Movimento Stand Up Paddle\" width=\"500\" height=\"281\" src=\"https:\/\/www.youtube.com\/embed\/8VhLS9HoqnE?feature=oembed\" frameborder=\"0\" allow=\"accelerometer; autoplay; clipboard-write; encrypted-media; gyroscope; picture-in-picture; web-share\" allowfullscreen><\/iframe><\/p>\n<\/div>\n<p><!--more--><br \/>\n<!-- {\"type\":\"layout\",\"children\":[{\"type\":\"section\",\"props\":{\"style\":\"default\",\"width\":\"large\",\"vertical_align\":\"middle\",\"title_position\":\"center-left\",\"title_rotation\":\"left\",\"title_breakpoint\":\"xl\",\"image_position\":\"top-right\",\"width_expand\":\"right\",\"padding\":\"large\",\"title\":\"Para iniciantes e especialistas\",\"padding_remove_top\":false,\"image\":\"\",\"image_effect\":\"parallax\",\"image_parallax_breakpoint\":\"s\",\"image_parallax_bgy_start\":\"-130\",\"image_parallax_bgy_end\":\"140\",\"padding_remove_bottom\":false,\"media_visibility\":\"s\",\"image_width\":\"600\"},\"children\":[{\"type\":\"row\",\"props\":{\"margin_remove_top\":false,\"layout\":\"1-2,1-2\"},\"children\":[{\"type\":\"column\",\"props\":{\"image_position\":\"center-center\",\"media_overlay_gradient\":\"\",\"width_medium\":\"1-2\",\"position_sticky_breakpoint\":\"m\"},\"children\":[{\"type\":\"headline\",\"props\":{\"title_element\":\"div\",\"title_style\":\"lead\",\"margin\":\"small\",\"content\":\"SUP\",\"margin_remove_bottom\":false,\"title_font_family\":\"primary\"}},{\"type\":\"headline\",\"props\":{\"title_element\":\"h2\",\"title_style\":\"heading-small\",\"margin\":\"small\",\"maxwidth\":\"2xlarge\",\"content\":\"Stand Up Paddle\",\"margin_remove_bottom\":false,\"margin_remove_top\":false}},{\"type\":\"text\",\"props\":{\"margin\":\"default\",\"column_breakpoint\":\"m\",\"content\":\"\n\n<p class=\\\"p2\\\">Bruno Machado iniciou sua carreira em esportes n\\u00e1uticos por meio do StandUp Padlle em 2011, sagrando-se vice-campe\\u00e3o baiano em 2012. O SUP \\u00e9 um bra\\u00e7o forte da Galeria Viv\\u00e1, com uma estrutura atual de atendimento simult\\u00e2neo para at\\u00e9 15 pessoas.<span class=\\\"Apple-converted-space\\\">\\u00a0<\\\/span><\\\/p>\"}},{\"type\":\"text\",\"props\":{\"margin\":\"default\",\"column_breakpoint\":\"m\",\"content\":\"\n\n<p>Voc\\u00ea quer aproveitar a Ba\\u00eda de Todos os Santos com um passeio tranquilo?<\\\/p>\\n\n\n<p>N\\u00f3s oferecemos os passeios de Stand Up Paddle, saindo do Porto da Barra e aproveitando o melhor do nosso mar de Salvador, de maneira tranquila, saud\\u00e1vel e muito divertida!<\\\/p>\\n\n\n<p>Venha com a sua fam\\u00edlia e amigos aproveitar a nossa BIG SUP, a maior prancha do mundo! Na BIG SUP cabem 8 remadores de uma vez! O passeio tem divers\\u00e3o garantida!<\\\/p>\\n\n\n<p>Entre em contato conosco para alugar as nossas pranchas e fazer um passeio extraordin\\u00e1rio!<\\\/p>\"}},{\"type\":\"button\",\"props\":{\"grid_column_gap\":\"small\",\"grid_row_gap\":\"small\",\"margin\":\"default\"},\"children\":[{\"type\":\"button_item\",\"props\":{\"button_style\":\"primary\",\"icon_align\":\"left\",\"link_title\":\"\",\"icon\":\"whatsapp\",\"content\":\"(71) 99241-3726\",\"link\":\"https:\\\/\\\/api.whatsapp.com\\\/send\\\/?phone=5571992413726&text=Ol%C3%A1+tenho+interesse+em+saber+mais&type=phone_number&app_absent=0\"}}]}]},{\"type\":\"column\",\"props\":{\"position_sticky_breakpoint\":\"m\",\"image_position\":\"center-center\",\"media_overlay_gradient\":\"\",\"width_medium\":\"1-2\"},\"children\":[{\"type\":\"image\",\"props\":{\"margin\":\"default\",\"image_svg_color\":\"emphasis\",\"image\":\"wp-content\\\/uploads\\\/2022\\\/08\\\/sup.jpg\"}},{\"type\":\"text\",\"props\":{\"margin\":\"default\",\"column_breakpoint\":\"m\",\"content\":\"\n\n<p>https:\\\/\\\/www.youtube.com\\\/watch?v=8VhLS9HoqnE<\\\/p>\"}}]}]}],\"name\":\"modelo de t\\u00edtulo, texto e imagem \"}],\"version\":\"2.7.22\"} --><\/p>\n","protected":false},"excerpt":{"rendered":"<p>SUP Stand Up Paddle Bruno Machado iniciou sua carreira em esportes n\u00e1uticos por meio do StandUp Padlle em 2011, sagrando-se vice-campe\u00e3o baiano em 2012. O SUP \u00e9 um bra\u00e7o forte da Galeria Viv\u00e1, com uma estrutura atual de atendimento simult\u00e2neo para at\u00e9 15 pessoas.\u00a0 Voc\u00ea quer aproveitar a Ba\u00eda de Todos os Santos com um [&hellip;]<\/p>\n","protected":false},"author":1,"featured_media":0,"parent":0,"menu_order":0,"comment_status":"closed","ping_status":"closed","template":"","meta":{"_acf_changed":false,"footnotes":""},"acf":[],"_links":{"self":[{"href":"https:\/\/surfskibrasil.com.br\/index.php?rest_route=\/wp\/v2\/pages\/1414"}],"collection":[{"href":"https:\/\/surfskibrasil.com.br\/index.php?rest_route=\/wp\/v2\/pages"}],"about":[{"href":"https:\/\/surfskibrasil.com.br\/index.php?rest_route=\/wp\/v2\/types\/page"}],"author":[{"embeddable":true,"href":"https:\/\/surfskibrasil.com.br\/index.php?rest_route=\/wp\/v2\/users\/1"}],"replies":[{"embeddable":true,"href":"https:\/\/surfskibrasil.com.br\/index.php?rest_route=%2Fwp%2Fv2%2Fcomments&post=1414"}],"version-history":[{"count":8,"href":"https:\/\/surfskibrasil.com.br\/index.php?rest_route=\/wp\/v2\/pages\/1414\/revisions"}],"predecessor-version":[{"id":1469,"href":"https:\/\/surfskibrasil.com.br\/index.php?rest_route=\/wp\/v2\/pages\/1414\/revisions\/1469"}],"wp:attachment":[{"href":"https:\/\/surfskibrasil.com.br\/index.php?rest_route=%2Fwp%2Fv2%2Fmedia&parent=1414"}],"curies":[{"name":"wp","href":"https:\/\/api.w.org\/{rel}","templated":true}]}}